{"id":8741,"date":"2020-11-11T10:55:49","date_gmt":"2020-11-11T10:55:49","guid":{"rendered":"http:\/\/weland.com\/?page_id=8741"},"modified":"2026-04-27T08:10:15","modified_gmt":"2026-04-27T08:10:15","slug":"massor","status":"publish","type":"page","link":"https:\/\/www.weland.com\/sv\/foretaget\/massor\/","title":{"rendered":"M\u00e4ssor"},"content":{"rendered":"\n<div class=\"wp-block-cover alignfull has-custom-content-position is-position-bottom-left\"><img loading=\"lazy\" decoding=\"async\" width=\"2000\" height=\"800\" class=\"wp-block-cover__image-background wp-image-8742\" alt=\"Weland m\u00e4ssor\" src=\"https:\/\/www.weland.com\/wp-content\/uploads\/2020\/11\/top_image-aw00008842-1.jpg\" data-object-fit=\"cover\" srcset=\"https:\/\/www.weland.com\/wp-content\/uploads\/2020\/11\/top_image-aw00008842-1.jpg 2000w, https:\/\/www.weland.com\/wp-content\/uploads\/2020\/11\/top_image-aw00008842-1-300x120.jpg 300w, https:\/\/www.weland.com\/wp-content\/uploads\/2020\/11\/top_image-aw00008842-1-1024x410.jpg 1024w, https:\/\/www.weland.com\/wp-content\/uploads\/2020\/11\/top_image-aw00008842-1-768x307.jpg 768w, https:\/\/www.weland.com\/wp-content\/uploads\/2020\/11\/top_image-aw00008842-1-1536x614.jpg 1536w, https:\/\/www.weland.com\/wp-content\/uploads\/2020\/11\/top_image-aw00008842-1-1568x627.jpg 1568w\" sizes=\"auto, (max-width: 2000px) 100vw, 2000px\" \/><span aria-hidden=\"true\" class=\"wp-block-cover__background has-background-dim-0 has-background-dim\"><\/span><div class=\"wp-block-cover__inner-container is-layout-flow wp-block-cover-is-layout-flow\">\n<div class=\"wp-block-group has-grev-rgba-background-color has-background\"><div class=\"wp-block-group__inner-container is-layout-flow wp-block-group-is-layout-flow\">\n<h1 class=\"wp-block-heading has-black-color has-text-color\">M\u00c4SSOR<\/h1>\n\n\n\n<p class=\"has-black-color has-text-color\">Vi vill tr\u00e4ffa dig!&nbsp;Ta tillf\u00e4llet i akt att m\u00f6ta oss p\u00e5 en av v\u00e5ra inplanerade m\u00e4ssor.&nbsp;Vi visar Er g\u00e4rna v\u00e5ra senaste produkter samt nya investeringar.&nbsp;Genom v\u00e5r m\u00e4sskalender kan du planera in Ert bes\u00f6k.<\/p>\n<\/div><\/div>\n<\/div><\/div>\n\n\n        <div class=\"container page-breadcrumb\">\n            <div class=\"row\">\n                <div class=\"col-sm-12\" style=\"padding-left: 0\">\n                    <nav aria-label=\"breadcrumb\">\n                        <ol class=\"breadcrumb\">\n                            <li class=\"breadcrumb-item\">\n                                <a href=\"https:\/\/www.weland.com\/sv\/\">Startsida<\/a>\n                            <\/li>\n                              \n                                                            <li class=\"breadcrumb-item AA\">\n                                    <a href=\"https:\/\/www.weland.com\/sv\/foretaget\/\">\n                                        F\u00f6retaget                                    <\/a>\n                                <\/li>\n                                <li class=\"breadcrumb-item active\" aria-current=\"page\">\n                                    M\u00e4ssor                                <\/li>\n                                                    <\/ol>\n                    <\/nav>\n                <\/div>\n            <\/div>\n        <\/div>\n\n        \n\n\n<div class=\"wp-block-group alignwide hide-on-desktop\"><div class=\"wp-block-group__inner-container is-layout-flow wp-block-group-is-layout-flow\">\n<h2 class=\"wp-block-heading\">M\u00e4ssor<\/h2>\n\n\n\n<p>Vi vill tr\u00e4ffa dig!&nbsp;Ta tillf\u00e4llet i akt att m\u00f6ta oss p\u00e5 en av v\u00e5ra inplanerade m\u00e4ssor.&nbsp;Vi visar Er g\u00e4rna v\u00e5ra senaste produkter samt nya investeringar.&nbsp;Genom v\u00e5r m\u00e4sskalender kan du planera in Ert bes\u00f6k.<\/p>\n\n\n\n<hr class=\"wp-block-separator has-css-opacity is-style-wide\"\/>\n<\/div><\/div>\n\n\n\n<div class=\"wp-block-columns alignwide is-layout-flex wp-container-core-columns-is-layout-9d6595d7 wp-block-columns-is-layout-flex\">\n<div class=\"wp-block-column is-layout-flow wp-block-column-is-layout-flow\" style=\"flex-basis:23%\">                            <div id=\"sidenav\">\n                <ul class=\"\">\n                                            <li class=\"\">\n                            <a href=\"https:\/\/www.weland.com\/sv\/foretaget\/kvalitet-miljo\/\" class=\"text-uppercase\">\n                                Kvalitet &#038; milj\u00f6                            <\/a>\n                        <\/li>\n                                            <li class=\"\">\n                            <a href=\"https:\/\/www.weland.com\/sv\/foretaget\/hallbarhet\/\" class=\"text-uppercase\">\n                                H\u00e5llbarhet                            <\/a>\n                        <\/li>\n                                            <li class=\"\">\n                            <a href=\"https:\/\/www.weland.com\/sv\/foretaget\/koncernen\/\" class=\"text-uppercase\">\n                                Koncernen                            <\/a>\n                        <\/li>\n                                            <li class=\"\">\n                            <a href=\"https:\/\/www.weland.com\/sv\/foretaget\/nyheter\/\" class=\"text-uppercase\">\n                                Nyheter &#8211; Referenser                            <\/a>\n                        <\/li>\n                                            <li class=\"\">\n                            <a href=\"https:\/\/www.weland.com\/sv\/foretaget\/massor\/\" class=\"text-uppercase\">\n                                M\u00e4ssor                            <\/a>\n                        <\/li>\n                                            <li class=\"\">\n                            <a href=\"https:\/\/www.weland.com\/sv\/foretaget\/integritetspolicy\/\" class=\"text-uppercase\">\n                                Integritetspolicy                            <\/a>\n                        <\/li>\n                                    <\/ul>\n            <\/div>\n                <\/div>\n\n\n\n<div class=\"wp-block-column is-layout-flow wp-block-column-is-layout-flow\" style=\"flex-basis:73%\">\n<h1 class=\"wp-block-heading\">Kommande m\u00e4ssor<\/h1>\n\n\n\n<div style=\"height:0px\" aria-hidden=\"true\" class=\"wp-block-spacer\"><\/div>\n\n\n\n<div class=\"wp-block-group border padding\"><div class=\"wp-block-group__inner-container is-layout-flow wp-block-group-is-layout-flow\">\n<div class=\"wp-block-columns is-layout-flex wp-container-core-columns-is-layout-9d6595d7 wp-block-columns-is-layout-flex\"><\/div>\n<\/div><\/div>\n<\/div>\n<\/div>\n","protected":false},"excerpt":{"rendered":"<p>M\u00e4ssor Vi vill tr\u00e4ffa dig!&nbsp;Ta tillf\u00e4llet i akt att m\u00f6ta oss [&hellip;]<\/p>\n","protected":false},"author":1,"featured_media":0,"parent":3253,"menu_order":5,"comment_status":"closed","ping_status":"closed","template":"","meta":{"_acf_changed":false,"inline_featured_image":false,"footnotes":""},"class_list":["post-8741","page","type-page","status-publish","hentry"],"acf":[],"featured_image_src":null,"_links":{"self":[{"href":"https:\/\/www.weland.com\/sv\/wp-json\/wp\/v2\/pages\/8741","targetHints":{"allow":["GET"]}}],"collection":[{"href":"https:\/\/www.weland.com\/sv\/wp-json\/wp\/v2\/pages"}],"about":[{"href":"https:\/\/www.weland.com\/sv\/wp-json\/wp\/v2\/types\/page"}],"author":[{"embeddable":true,"href":"https:\/\/www.weland.com\/sv\/wp-json\/wp\/v2\/users\/1"}],"replies":[{"embeddable":true,"href":"https:\/\/www.weland.com\/sv\/wp-json\/wp\/v2\/comments?post=8741"}],"version-history":[{"count":37,"href":"https:\/\/www.weland.com\/sv\/wp-json\/wp\/v2\/pages\/8741\/revisions"}],"predecessor-version":[{"id":29445,"href":"https:\/\/www.weland.com\/sv\/wp-json\/wp\/v2\/pages\/8741\/revisions\/29445"}],"up":[{"embeddable":true,"href":"https:\/\/www.weland.com\/sv\/wp-json\/wp\/v2\/pages\/3253"}],"wp:attachment":[{"href":"https:\/\/www.weland.com\/sv\/wp-json\/wp\/v2\/media?parent=8741"}],"curies":[{"name":"wp","href":"https:\/\/api.w.org\/{rel}","templated":true}]}}