{"id":3736,"date":"2020-10-13T07:42:00","date_gmt":"2020-10-13T07:42:00","guid":{"rendered":"http:\/\/weland.com\/?page_id=3736"},"modified":"2025-05-28T06:13:25","modified_gmt":"2025-05-28T06:13:25","slug":"projektering","status":"publish","type":"page","link":"https:\/\/www.weland.com\/sv\/projektering\/","title":{"rendered":"Projektering"},"content":{"rendered":"\n<div class=\"wp-block-cover alignfull is-light has-custom-content-position is-position-bottom-left\"><img loading=\"lazy\" decoding=\"async\" width=\"2000\" height=\"800\" class=\"wp-block-cover__image-background wp-image-3737\" alt=\"\" src=\"https:\/\/www.weland.com\/wp-content\/uploads\/2020\/10\/top_image-aw00008831.jpg\" data-object-fit=\"cover\" srcset=\"https:\/\/www.weland.com\/wp-content\/uploads\/2020\/10\/top_image-aw00008831.jpg 2000w, https:\/\/www.weland.com\/wp-content\/uploads\/2020\/10\/top_image-aw00008831-300x120.jpg 300w, https:\/\/www.weland.com\/wp-content\/uploads\/2020\/10\/top_image-aw00008831-1024x410.jpg 1024w, https:\/\/www.weland.com\/wp-content\/uploads\/2020\/10\/top_image-aw00008831-768x307.jpg 768w, https:\/\/www.weland.com\/wp-content\/uploads\/2020\/10\/top_image-aw00008831-1536x614.jpg 1536w, https:\/\/www.weland.com\/wp-content\/uploads\/2020\/10\/top_image-aw00008831-1568x627.jpg 1568w\" sizes=\"auto, (max-width: 2000px) 100vw, 2000px\" \/><span aria-hidden=\"true\" class=\"wp-block-cover__background has-background-dim-0 has-background-dim\"><\/span><div class=\"wp-block-cover__inner-container is-layout-flow wp-block-cover-is-layout-flow\">\n<div class=\"wp-block-group has-grev-rgba-background-color has-background\"><div class=\"wp-block-group__inner-container is-layout-flow wp-block-group-is-layout-flow\">\n<h1 class=\"wp-block-heading has-black-color has-text-color\">PROJEKTERING &amp; DIMENSIONERING<\/h1>\n\n\n\n<p class=\"has-black-color has-text-color\">I egenskap av er naturliga samarbetspartner st\u00f6djer vi er genom hela eller delar av ert projekt.<\/p>\n<\/div><\/div>\n<\/div><\/div>\n\n\n        <div class=\"container page-breadcrumb\">\n            <div class=\"row\">\n                <div class=\"col-sm-12\" style=\"padding-left: 0\">\n                    <nav aria-label=\"breadcrumb\">\n                        <ol class=\"breadcrumb\">\n                            <li class=\"breadcrumb-item\">\n                                <a href=\"https:\/\/www.weland.com\/sv\/\">Startsida<\/a>\n                            <\/li>\n                              \n                                                            <li class=\"breadcrumb-item CC active\" aria-current=\"page\">\n                                    Projektering                                <\/li>\n                                                    <\/ol>\n                    <\/nav>\n                <\/div>\n            <\/div>\n        <\/div>\n\n        \n\n\n<div class=\"wp-block-group alignwide hide-on-desktop\"><div class=\"wp-block-group__inner-container is-layout-flow wp-block-group-is-layout-flow\">\n<h2 class=\"wp-block-heading\">PROJEKTERING &amp; DIMENSIONERING<\/h2>\n\n\n\n<p>I egenskap av er naturliga samarbetspartner st\u00f6djer vi er genom hela eller delar av ert projekt.<\/p>\n\n\n\n<hr class=\"wp-block-separator has-css-opacity is-style-wide\"\/>\n<\/div><\/div>\n\n\n\n<div class=\"wp-block-columns alignwide is-layout-flex wp-container-core-columns-is-layout-9d6595d7 wp-block-columns-is-layout-flex\">\n<div class=\"wp-block-column border is-layout-flow wp-block-column-is-layout-flow\">\n<div class=\"wp-block-media-text alignwide has-media-on-the-right is-stacked-on-mobile image-padding\"><div class=\"wp-block-media-text__content\">\n<h3 class=\"wp-block-heading\">Projektering<\/h3>\n\n\n\n<p>Vi bist\u00e5r er med m\u00e5ng\u00e5rig erfarenhet g\u00e4llande materialval och andra n\u00f6dv\u00e4ndiga detaljer f\u00f6r \u00f6nskad funktionalitet.<\/p>\n\n\n\n<p><a href=\"https:\/\/www.weland.com\/sv\/produkter\/gallerdurk\/projektering\/\" data-type=\"product_post_type\" data-id=\"24\">Gallerdurk<\/a>&nbsp;|&nbsp;<a href=\"https:\/\/www.weland.com\/sv\/produkter\/trappor\/spiraltrappor\/projektering\/\">Spiraltrappor<\/a>&nbsp;|&nbsp;<br><a href=\"https:\/\/www.weland.com\/sv\/produkter\/trappor\/spiraltrappor-jos\/projektering\/\">Spiraltrappor JOS<\/a>&nbsp;|&nbsp;<a href=\"https:\/\/www.weland.com\/sv\/produkter\/trappor\/raka-trappor\/projektering-raka-trappor\/\" data-type=\"product_post_type\" data-id=\"48\">Raka Trappor<\/a>&nbsp;|&nbsp;<a href=\"https:\/\/www.weland.com\/sv\/produkter\/trappor\/trappsteg\/projektering-trappsteg\/\" data-type=\"product_post_type\" data-id=\"58\">Trappsteg<\/a>&nbsp;|&nbsp;<a href=\"https:\/\/www.weland.com\/sv\/produkter\/trappor\/planer\/projektering-planer\/\">Plan<\/a>&nbsp;|&nbsp;<br><a href=\"https:\/\/www.weland.com\/sv\/produkter\/racken\/sektionsracke\/projektering-sektionsracke\/\" data-type=\"product_post_type\" data-id=\"68\">Sektionsr\u00e4cke<\/a>&nbsp;|&nbsp;<a href=\"https:\/\/www.weland.com\/sv\/produkter\/racken\/universalracke\/projektering-universalracke\/\" data-type=\"product_post_type\" data-id=\"72\">Universalr\u00e4cke<\/a>&nbsp;|&nbsp;<br><a href=\"https:\/\/www.weland.com\/sv\/produkter\/racken\/stangsel\/projektering\/\">St\u00e4ngsel<\/a>&nbsp;|&nbsp;<a href=\"https:\/\/www.weland.com\/sv\/produkter\/ramper\/handikappramper\/projektering-handikappramper\/\" data-type=\"product_post_type\" data-id=\"80\">Handikappramper<\/a>&nbsp;|&nbsp;<br><a href=\"https:\/\/www.weland.com\/sv\/produkter\/entresol\/entresol\/entresol-projektering\/\">Entresol<\/a>&nbsp;|&nbsp;<a href=\"https:\/\/www.weland.com\/sv\/produkter\/lagerinredning\/pallstall\/projektering-pallstall\/\">Pallst\u00e4ll<\/a><\/p>\n<\/div><figure class=\"wp-block-media-text__media\"><img loading=\"lazy\" decoding=\"async\" width=\"500\" height=\"500\" src=\"https:\/\/www.weland.com\/wp-content\/uploads\/2020\/10\/foereskrivande_led-aw00005818.jpg\" alt=\"Medarbetare Weland AB\" class=\"wp-image-3777 size-full\" srcset=\"https:\/\/www.weland.com\/wp-content\/uploads\/2020\/10\/foereskrivande_led-aw00005818.jpg 500w, https:\/\/www.weland.com\/wp-content\/uploads\/2020\/10\/foereskrivande_led-aw00005818-300x300.jpg 300w, https:\/\/www.weland.com\/wp-content\/uploads\/2020\/10\/foereskrivande_led-aw00005818-150x150.jpg 150w\" sizes=\"auto, (max-width: 500px) 100vw, 500px\" \/><\/figure><\/div>\n<\/div>\n\n\n\n<div class=\"wp-block-column border is-layout-flow wp-block-column-is-layout-flow\">\n<div class=\"wp-block-media-text alignwide has-media-on-the-right is-stacked-on-mobile image-padding\"><div class=\"wp-block-media-text__content\">\n<h3 class=\"wp-block-heading\">F\u00f6reskrifter<\/h3>\n\n\n\n<p>Vi hj\u00e4lper er g\u00e4rna!<br>Med hj\u00e4lp av v\u00e5rt verktyg skapar ni enkelt era beskrivande texter.<\/p>\n\n\n\n<p><a href=\"https:\/\/www.weland.com\/sv\/produkter\/trappor\/spiraltrappor-jos\/foreskrifter\/\">Spiraltrappor JOS<\/a>&nbsp;|&nbsp;<a href=\"https:\/\/www.weland.com\/sv\/produkter\/trappor\/spiraltrappor\/foreskrifter-spiraltrappor\/\">Spiraltrappor<\/a>&nbsp;|&nbsp;<a href=\"https:\/\/www.weland.com\/sv\/produkter\/trappor\/raka-trappor\/foreskrifter-raka-trappor\/\">Raka trappor<\/a> | <a href=\"https:\/\/www.weland.com\/sv\/produkter\/ramper\/handikappramper\/foreskrifter-handikappramper\/\">Handikappramper<\/a><\/p>\n<\/div><figure class=\"wp-block-media-text__media\"><img loading=\"lazy\" decoding=\"async\" width=\"500\" height=\"500\" src=\"https:\/\/www.weland.com\/wp-content\/uploads\/2020\/10\/foereskrifter-aw00005829.jpg\" alt=\"Projektering\" class=\"wp-image-3789 size-full\" srcset=\"https:\/\/www.weland.com\/wp-content\/uploads\/2020\/10\/foereskrifter-aw00005829.jpg 500w, https:\/\/www.weland.com\/wp-content\/uploads\/2020\/10\/foereskrifter-aw00005829-300x300.jpg 300w, https:\/\/www.weland.com\/wp-content\/uploads\/2020\/10\/foereskrifter-aw00005829-150x150.jpg 150w\" sizes=\"auto, (max-width: 500px) 100vw, 500px\" \/><\/figure><\/div>\n<\/div>\n<\/div>\n\n\n\n<div class=\"wp-block-columns alignwide is-layout-flex wp-container-core-columns-is-layout-9d6595d7 wp-block-columns-is-layout-flex\">\n<div class=\"wp-block-column border is-layout-flow wp-block-column-is-layout-flow\">\n<div class=\"wp-block-media-text alignwide has-media-on-the-right is-stacked-on-mobile image-padding\"><div class=\"wp-block-media-text__content\">\n<h3 class=\"wp-block-heading\">BIM<\/h3>\n\n\n\n<p>Genom BIM-objekt skapar vi en m\u00f6jlighet f\u00f6r visualisering och dokumentering fr\u00e5n id\u00e9 till f\u00e4rdig produkt.<\/p>\n\n\n\n<div class=\"wp-block-buttons is-layout-flex wp-block-buttons-is-layout-flex\">\n<div class=\"wp-block-button small-button btn btn-weland-black is-style-outline is-style-outline--1\"><a class=\"wp-block-button__link no-border-radius wp-element-button\" href=\"https:\/\/www.weland.com\/sv\/bim\/\">Se v\u00e5ra BIM objekt<\/a><\/div>\n<\/div>\n<\/div><figure class=\"wp-block-media-text__media\"><img loading=\"lazy\" decoding=\"async\" width=\"500\" height=\"500\" src=\"https:\/\/www.weland.com\/wp-content\/uploads\/2020\/10\/bim-img.jpg\" alt=\"Projektering\" class=\"wp-image-3756 size-full\" srcset=\"https:\/\/www.weland.com\/wp-content\/uploads\/2020\/10\/bim-img.jpg 500w, https:\/\/www.weland.com\/wp-content\/uploads\/2020\/10\/bim-img-300x300.jpg 300w, https:\/\/www.weland.com\/wp-content\/uploads\/2020\/10\/bim-img-150x150.jpg 150w\" sizes=\"auto, (max-width: 500px) 100vw, 500px\" \/><\/figure><\/div>\n<\/div>\n\n\n\n<div class=\"wp-block-column border is-layout-flow wp-block-column-is-layout-flow\">\n<div class=\"wp-block-media-text alignwide has-media-on-the-right is-stacked-on-mobile image-padding\"><div class=\"wp-block-media-text__content\">\n<h3 class=\"wp-block-heading\">Dokumentation<\/h3>\n\n\n\n<p>Ta del av teknisk dokumentation, cad-\/stp-filer, certifikat, kataloger och broschyrer.<\/p>\n\n\n\n<div class=\"wp-block-buttons is-layout-flex wp-block-buttons-is-layout-flex\">\n<div class=\"wp-block-button small-button btn btn-weland-black is-style-outline is-style-outline--2\"><a class=\"wp-block-button__link no-border-radius wp-element-button\" href=\"https:\/\/www.weland.com\/sv\/dokumentation\/\">Dokumentation<\/a><\/div>\n<\/div>\n<\/div><figure class=\"wp-block-media-text__media\"><img loading=\"lazy\" decoding=\"async\" width=\"500\" height=\"500\" src=\"https:\/\/www.weland.com\/wp-content\/uploads\/2022\/10\/dokumentation.jpg\" alt=\"\" class=\"wp-image-20567 size-full\" srcset=\"https:\/\/www.weland.com\/wp-content\/uploads\/2022\/10\/dokumentation.jpg 500w, https:\/\/www.weland.com\/wp-content\/uploads\/2022\/10\/dokumentation-300x300.jpg 300w, https:\/\/www.weland.com\/wp-content\/uploads\/2022\/10\/dokumentation-150x150.jpg 150w\" sizes=\"auto, (max-width: 500px) 100vw, 500px\" \/><\/figure><\/div>\n<\/div>\n<\/div>\n\n\n\n<div class=\"wp-block-columns alignwide is-layout-flex wp-container-core-columns-is-layout-9d6595d7 wp-block-columns-is-layout-flex\">\n<div class=\"wp-block-column border is-layout-flow wp-block-column-is-layout-flow\">\n<div class=\"wp-block-media-text alignwide has-media-on-the-right is-stacked-on-mobile image-padding\"><div class=\"wp-block-media-text__content\">\n<h3 class=\"wp-block-heading\">Vanliga fr\u00e5gor<\/h3>\n\n\n\n<p>F\u00f6r att g\u00f6ra det enkelt f\u00f6r dig har vi samlat svaren p\u00e5 de fr\u00e5gor som vi oftast f\u00e5r p\u00e5 ett och samma st\u00e4lle.<\/p>\n\n\n\n<div class=\"wp-block-buttons is-layout-flex wp-block-buttons-is-layout-flex\">\n<div class=\"wp-block-button small-button btn btn-weland-black is-style-outline is-style-outline--3\"><a class=\"wp-block-button__link no-border-radius wp-element-button\" href=\"https:\/\/www.weland.com\/sv\/vanliga-fragor\/\">Vanliga fr\u00e5gor<\/a><\/div>\n<\/div>\n<\/div><figure class=\"wp-block-media-text__media\"><img loading=\"lazy\" decoding=\"async\" width=\"500\" height=\"500\" src=\"https:\/\/www.weland.com\/wp-content\/uploads\/2024\/06\/vanliga_fragor-aw00012873-500x500-1.jpg\" alt=\"\" class=\"wp-image-24563 size-full\" srcset=\"https:\/\/www.weland.com\/wp-content\/uploads\/2024\/06\/vanliga_fragor-aw00012873-500x500-1.jpg 500w, https:\/\/www.weland.com\/wp-content\/uploads\/2024\/06\/vanliga_fragor-aw00012873-500x500-1-300x300.jpg 300w, https:\/\/www.weland.com\/wp-content\/uploads\/2024\/06\/vanliga_fragor-aw00012873-500x500-1-150x150.jpg 150w\" sizes=\"auto, (max-width: 500px) 100vw, 500px\" \/><\/figure><\/div>\n<\/div>\n\n\n\n<div class=\"wp-block-column border is-layout-flow wp-block-column-is-layout-flow\">\n<div class=\"wp-block-media-text alignwide has-media-on-the-right is-stacked-on-mobile image-padding\"><div class=\"wp-block-media-text__content\">\n<h3 class=\"wp-block-heading\">Byggregler<\/h3>\n\n\n\n<p>Vad \u00e4r det f\u00f6r krav, normer och regler som st\u00e4lls p\u00e5 spiraltrappor, raka trappor, ramper och r\u00e4cken?<\/p>\n\n\n\n<div class=\"wp-block-buttons is-layout-flex wp-block-buttons-is-layout-flex\">\n<div class=\"wp-block-button small-button btn btn-weland-black is-style-outline is-style-outline--4\"><a class=\"wp-block-button__link no-border-radius wp-element-button\" href=\"https:\/\/www.weland.com\/wp-content\/uploads\/2024\/05\/byggregler.pdf\" target=\"_blank\" rel=\"noreferrer noopener\">Byggregler<\/a><\/div>\n<\/div>\n<\/div><figure class=\"wp-block-media-text__media\"><img loading=\"lazy\" decoding=\"async\" width=\"500\" height=\"500\" src=\"https:\/\/www.weland.com\/wp-content\/uploads\/2024\/05\/byggregler-sv-500x500-1.jpg\" alt=\"\" class=\"wp-image-24476 size-full\" srcset=\"https:\/\/www.weland.com\/wp-content\/uploads\/2024\/05\/byggregler-sv-500x500-1.jpg 500w, https:\/\/www.weland.com\/wp-content\/uploads\/2024\/05\/byggregler-sv-500x500-1-300x300.jpg 300w, https:\/\/www.weland.com\/wp-content\/uploads\/2024\/05\/byggregler-sv-500x500-1-150x150.jpg 150w\" sizes=\"auto, (max-width: 500px) 100vw, 500px\" \/><\/figure><\/div>\n<\/div>\n<\/div>\n\n\n\n<div class=\"wp-block-columns alignwide is-layout-flex wp-container-core-columns-is-layout-9d6595d7 wp-block-columns-is-layout-flex\">\n<div class=\"wp-block-column border is-layout-flow wp-block-column-is-layout-flow\">\n<div class=\"wp-block-media-text alignwide has-media-on-the-right is-stacked-on-mobile image-padding\"><div class=\"wp-block-media-text__content\">\n<h3 class=\"wp-block-heading\"><strong>Montage<\/strong><\/h3>\n\n\n\n<p>Ta del av montageanvisningar, konstruktionshj\u00e4lp och montagefilmer. Kontakta oss f\u00f6r Welands IFC-modeller \u2013 ett interaktivt montagest\u00f6d. &nbsp;<\/p>\n\n\n\n<p><a href=\"https:\/\/www.weland.com\/sv\/dokumentation\/#instruktion-anvisningar\" data-type=\"product_post_type\" data-id=\"24\">Montageanvisningar<\/a>&nbsp;<br><a href=\"https:\/\/www.weland.com\/sv\/dokumentation\/#montagefilmer\">Montagefilmer<\/a><\/p>\n<\/div><figure class=\"wp-block-media-text__media\"><img loading=\"lazy\" decoding=\"async\" width=\"500\" height=\"500\" src=\"https:\/\/www.weland.com\/wp-content\/uploads\/2024\/06\/montage-500x500-1.jpg\" alt=\"\" class=\"wp-image-24557 size-full\" srcset=\"https:\/\/www.weland.com\/wp-content\/uploads\/2024\/06\/montage-500x500-1.jpg 500w, https:\/\/www.weland.com\/wp-content\/uploads\/2024\/06\/montage-500x500-1-300x300.jpg 300w, https:\/\/www.weland.com\/wp-content\/uploads\/2024\/06\/montage-500x500-1-150x150.jpg 150w\" sizes=\"auto, (max-width: 500px) 100vw, 500px\" \/><\/figure><\/div>\n<\/div>\n\n\n\n<div class=\"wp-block-column border is-layout-flow wp-block-column-is-layout-flow\">\n<div class=\"wp-block-media-text alignwide has-media-on-the-right is-stacked-on-mobile image-padding\"><div class=\"wp-block-media-text__content\">\n<h3 class=\"wp-block-heading\">Arkitekt- och konstruktionsst\u00f6d<\/h3>\n\n\n\n<p>Vi erbjuder kostnadsfritt&nbsp;arkitekt- och konstruktionsst\u00f6d f\u00f6r att hj\u00e4lpa dig med tekniska fr\u00e5gor och val av produkter.<\/p>\n\n\n\n<div class=\"wp-block-buttons is-layout-flex wp-block-buttons-is-layout-flex\">\n<div class=\"wp-block-button small-button btn btn-weland-black is-style-outline is-style-outline--5\"><a class=\"wp-block-button__link no-border-radius wp-element-button\" href=\"https:\/\/www.weland.com\/sv\/arkitekt-och-konstruktionsstod\/\">Arkitekt- och konstruktionsst\u00f6d<\/a><\/div>\n<\/div>\n<\/div><figure class=\"wp-block-media-text__media\"><img loading=\"lazy\" decoding=\"async\" width=\"500\" height=\"500\" src=\"https:\/\/www.weland.com\/wp-content\/uploads\/2025\/02\/konstruktionsstod-500x500-aw00005824.jpg\" alt=\"\" class=\"wp-image-26520 size-full\" srcset=\"https:\/\/www.weland.com\/wp-content\/uploads\/2025\/02\/konstruktionsstod-500x500-aw00005824.jpg 500w, https:\/\/www.weland.com\/wp-content\/uploads\/2025\/02\/konstruktionsstod-500x500-aw00005824-300x300.jpg 300w, https:\/\/www.weland.com\/wp-content\/uploads\/2025\/02\/konstruktionsstod-500x500-aw00005824-150x150.jpg 150w\" sizes=\"auto, (max-width: 500px) 100vw, 500px\" \/><\/figure><\/div>\n<\/div>\n<\/div>\n\n\n\n<div class=\"wp-block-columns alignwide is-layout-flex wp-container-core-columns-is-layout-9d6595d7 wp-block-columns-is-layout-flex\">\n<div class=\"wp-block-column is-layout-flow wp-block-column-is-layout-flow\" style=\"flex-basis:66.66%\">\n<h2 class=\"wp-block-heading\">Byggvarudeklaration<\/h2>\n<\/div>\n\n\n\n<div class=\"wp-block-column is-layout-flow wp-block-column-is-layout-flow\" style=\"flex-basis:33.33%\"><\/div>\n<\/div>\n\n\n\n<div class=\"wp-block-columns alignwide is-layout-flex wp-container-core-columns-is-layout-9d6595d7 wp-block-columns-is-layout-flex\">\n<div class=\"wp-block-column border padding is-layout-flow wp-block-column-is-layout-flow\">\n<figure class=\"wp-block-image size-full\"><a href=\"https:\/\/www.byggvarubedomningen.se\/\" target=\"_blank\" rel=\"noopener noreferrer\"><img loading=\"lazy\" decoding=\"async\" width=\"550\" height=\"350\" src=\"https:\/\/www.weland.com\/wp-content\/uploads\/2020\/10\/byggvarubedoemningen.jpg\" alt=\"\" class=\"wp-image-3798\" srcset=\"https:\/\/www.weland.com\/wp-content\/uploads\/2020\/10\/byggvarubedoemningen.jpg 550w, https:\/\/www.weland.com\/wp-content\/uploads\/2020\/10\/byggvarubedoemningen-300x191.jpg 300w\" sizes=\"auto, (max-width: 550px) 100vw, 550px\" \/><\/a><\/figure>\n\n\n\n<h3 class=\"wp-block-heading\">Byggvarubed\u00f6mningen<\/h3>\n\n\n\n<p>I byggvarubed\u00f6mningen, BVD, har Sveriges st\u00f6rsta fastighets\u00e4gare och byggherrar g\u00e5tt samman f\u00f6r att ta fram en standard f\u00f6r milj\u00f6bed\u00f6mning av byggvaror.<\/p>\n\n\n\n<p>Byggvarubed\u00f6mningen har bed\u00f6mt Weland spiraltrappor, Weland raka trappor, Weland ramper, Weland r\u00e4cke och Weland gallerdurk. Bed\u00f6mningarna finns publicerade i Byggvarubed\u00f6mningens databas.<\/p>\n<\/div>\n\n\n\n<div class=\"wp-block-column border padding is-layout-flow wp-block-column-is-layout-flow\">\n<figure class=\"wp-block-image size-large\"><a href=\"https:\/\/www.bastaonline.se\/\" target=\"_blank\" rel=\"noopener noreferrer\"><img loading=\"lazy\" decoding=\"async\" width=\"550\" height=\"350\" src=\"https:\/\/www.weland.com\/wp-content\/uploads\/2020\/10\/basta.jpg\" alt=\"\" class=\"wp-image-3805\" srcset=\"https:\/\/www.weland.com\/wp-content\/uploads\/2020\/10\/basta.jpg 550w, https:\/\/www.weland.com\/wp-content\/uploads\/2020\/10\/basta-300x191.jpg 300w\" sizes=\"auto, (max-width: 550px) 100vw, 550px\" \/><\/a><\/figure>\n\n\n\n<h3 class=\"wp-block-heading\">BASTA<\/h3>\n\n\n\n<p>Syftet med BASTA \u00e4r att p\u00e5skynda utfasningen av farliga \u00e4mnen fr\u00e5n byggprodukter. Genom att anv\u00e4nda produkterna som klarar kriterierna undviks farliga \u00e4mnen.<\/p>\n\n\n\n<p>Weland har registrerat Weland spiraltrappor, Weland raka trappor, Weland ramper, Weland r\u00e4cke och Weland gallerdurk i BASTA.<\/p>\n<\/div>\n\n\n\n<div class=\"wp-block-column border padding is-layout-flow wp-block-column-is-layout-flow\">\n<figure class=\"wp-block-image size-full\"><a href=\"https:\/\/www.environdec.com\/\" target=\"_blank\" rel=\"noopener noreferrer\"><img loading=\"lazy\" decoding=\"async\" width=\"550\" height=\"350\" src=\"https:\/\/www.weland.com\/wp-content\/uploads\/2022\/01\/epd.png\" alt=\"\" class=\"wp-image-17674\" srcset=\"https:\/\/www.weland.com\/wp-content\/uploads\/2022\/01\/epd.png 550w, https:\/\/www.weland.com\/wp-content\/uploads\/2022\/01\/epd-300x191.png 300w, https:\/\/www.weland.com\/wp-content\/uploads\/2022\/01\/epd-150x95.png 150w\" sizes=\"auto, (max-width: 550px) 100vw, 550px\" \/><\/a><\/figure>\n\n\n\n<h3 class=\"wp-block-heading\">EPD<\/h3>\n\n\n\n<p>En milj\u00f6varudeklaration f\u00f6r en byggprodukt (EPD) beskriver produktens milj\u00f6p\u00e5verkan ur hela dess livscykel. Dessa indata anv\u00e4nds som underlag f\u00f6r en livscykelanalys (LCA) f\u00f6r byggnader. F\u00f6rkortningen EPD kommer fr\u00e5n det engelska begreppet f\u00f6r milj\u00f6varudeklaration \u2013&nbsp;environmental product declaration.<\/p>\n\n\n\n<p>P\u00e5 Weland har vi genom en oberoende tredjepart EPD-certifierat v\u00e5ra varmf\u00f6rzinkade st\u00e5lprodukter, s\u00e5som gallerdurk, ramper, r\u00e4cken och trappor.<\/p>\n\n\n\n<p><a href=\"https:\/\/www.flipsnack.com\/industrireklam\/miljovarudeklaration-epd-weland-ab\/full-view.html\" target=\"_blank\" rel=\"noopener\">Milj\u00f6varudeklaration (EPD) Varmf\u00f6rzinkade produkter<\/a><\/p>\n\n\n\n<p><a href=\"https:\/\/www.flipsnack.com\/industrireklam\/miljovarudeklaration-epd-spiraltrappa-jos-weland-ab\/full-view.html\" target=\"_blank\" rel=\"noopener\">Milj\u00f6varudeklaration (EPD) Spiraltrappa JOS<\/a><\/p>\n<\/div>\n<\/div>\n","protected":false},"excerpt":{"rendered":"<p>I egenskap av Er naturliga samarbetspartner st\u00f6djer vi Er genom hela eller delar av Ert projekt.<\/p>\n","protected":false},"author":1,"featured_media":0,"parent":0,"menu_order":0,"comment_status":"closed","ping_status":"closed","template":"","meta":{"_acf_changed":false,"inline_featured_image":false,"footnotes":""},"class_list":["post-3736","page","type-page","status-publish","hentry"],"acf":[],"featured_image_src":null,"_links":{"self":[{"href":"https:\/\/www.weland.com\/sv\/wp-json\/wp\/v2\/pages\/3736","targetHints":{"allow":["GET"]}}],"collection":[{"href":"https:\/\/www.weland.com\/sv\/wp-json\/wp\/v2\/pages"}],"about":[{"href":"https:\/\/www.weland.com\/sv\/wp-json\/wp\/v2\/types\/page"}],"author":[{"embeddable":true,"href":"https:\/\/www.weland.com\/sv\/wp-json\/wp\/v2\/users\/1"}],"replies":[{"embeddable":true,"href":"https:\/\/www.weland.com\/sv\/wp-json\/wp\/v2\/comments?post=3736"}],"version-history":[{"count":75,"href":"https:\/\/www.weland.com\/sv\/wp-json\/wp\/v2\/pages\/3736\/revisions"}],"predecessor-version":[{"id":27442,"href":"https:\/\/www.weland.com\/sv\/wp-json\/wp\/v2\/pages\/3736\/revisions\/27442"}],"wp:attachment":[{"href":"https:\/\/www.weland.com\/sv\/wp-json\/wp\/v2\/media?parent=3736"}],"curies":[{"name":"wp","href":"https:\/\/api.w.org\/{rel}","templated":true}]}}