{"id":3248,"date":"2020-10-02T10:25:14","date_gmt":"2020-10-02T10:25:14","guid":{"rendered":"http:\/\/weland.com\/?page_id=3248"},"modified":"2025-10-22T11:15:23","modified_gmt":"2025-10-22T11:15:23","slug":"nyheter","status":"publish","type":"page","link":"https:\/\/www.weland.com\/sv\/foretaget\/nyheter\/","title":{"rendered":"Nyheter &#8211; Referenser"},"content":{"rendered":"\n<div class=\"wp-block-cover alignfull has-custom-content-position is-position-bottom-left\"><span aria-hidden=\"true\" class=\"wp-block-cover__background has-background-dim-0 has-background-dim\" style=\"background-color:#7a725e\"><\/span><img loading=\"lazy\" decoding=\"async\" width=\"2000\" height=\"800\" class=\"wp-block-cover__image-background wp-image-9808\" alt=\"\" src=\"https:\/\/www.weland.com\/wp-content\/uploads\/2021\/08\/top_image-aw00010307.jpg\" data-object-fit=\"cover\" srcset=\"https:\/\/www.weland.com\/wp-content\/uploads\/2021\/08\/top_image-aw00010307.jpg 2000w, https:\/\/www.weland.com\/wp-content\/uploads\/2021\/08\/top_image-aw00010307-300x120.jpg 300w, https:\/\/www.weland.com\/wp-content\/uploads\/2021\/08\/top_image-aw00010307-1024x410.jpg 1024w, https:\/\/www.weland.com\/wp-content\/uploads\/2021\/08\/top_image-aw00010307-768x307.jpg 768w, https:\/\/www.weland.com\/wp-content\/uploads\/2021\/08\/top_image-aw00010307-1536x614.jpg 1536w, https:\/\/www.weland.com\/wp-content\/uploads\/2021\/08\/top_image-aw00010307-1568x627.jpg 1568w\" sizes=\"auto, (max-width: 2000px) 100vw, 2000px\" \/><div class=\"wp-block-cover__inner-container is-layout-flow wp-block-cover-is-layout-flow\">\n<div class=\"wp-block-group has-black-color has-grev-rgba-background-color has-text-color has-background\"><div class=\"wp-block-group__inner-container is-layout-flow wp-block-group-is-layout-flow\">\n<h1 class=\"wp-block-heading\"><strong>V\u00c4LKOMMEN TILL V\u00c5R NYHETSSIDA!<\/strong><\/h1>\n\n\n\n<p>H\u00e4r hittar du senaste nytt fr\u00e5n oss p\u00e5 Weland. Vi h\u00e5ller dig l\u00f6pande uppdaterad om h\u00e4ndelser och nyheter som vi hoppas kan vara av intresse f\u00f6r dig och ditt f\u00f6retag.<\/p>\n<\/div><\/div>\n<\/div><\/div>\n\n\n        <div class=\"container page-breadcrumb\">\n            <div class=\"row\">\n                <div class=\"col-sm-12\" style=\"padding-left: 0\">\n                    <nav aria-label=\"breadcrumb\">\n                        <ol class=\"breadcrumb\">\n                            <li class=\"breadcrumb-item\">\n                                <a href=\"https:\/\/www.weland.com\/sv\/\">Startsida<\/a>\n                            <\/li>\n                              \n                                                            <li class=\"breadcrumb-item AA\">\n                                    <a href=\"https:\/\/www.weland.com\/sv\/foretaget\/\">\n                                        F\u00f6retaget                                    <\/a>\n                                <\/li>\n                                <li class=\"breadcrumb-item active\" aria-current=\"page\">\n                                    Nyheter &#8211; Referenser                                <\/li>\n                                                    <\/ol>\n                    <\/nav>\n                <\/div>\n            <\/div>\n        <\/div>\n\n        \n\n\n<div class=\"wp-block-group alignwide hide-on-desktop\"><div class=\"wp-block-group__inner-container is-layout-flow wp-block-group-is-layout-flow\">\n<h2 class=\"wp-block-heading\"><strong>V\u00c4LKOMMEN TILL V\u00c5R NYHETSSIDA!<\/strong><\/h2>\n\n\n\n<p>H\u00e4r hittar du senaste nytt fr\u00e5n oss p\u00e5 Weland. Vi h\u00e5ller dig l\u00f6pande uppdaterad om h\u00e4ndelser och nyheter som vi hoppas kan vara av intresse f\u00f6r dig och ditt f\u00f6retag.<\/p>\n\n\n\n<hr class=\"wp-block-separator has-css-opacity is-style-wide\"\/>\n<\/div><\/div>\n\n\n\n<div class=\"wp-block-group alignwide\"><div class=\"wp-block-group__inner-container is-layout-constrained wp-block-group-is-layout-constrained\">\n<div style=\"height:30px\" aria-hidden=\"true\" class=\"wp-block-spacer\"><\/div>\n\n\n\n<p>P\u00e5 v\u00e5r nyhetssida f\u00e5r du en inblick i vad som h\u00e4nder hos oss. H\u00e4r kan du l\u00e4sa om v\u00e5ra produktnyheter, aktuella m\u00e4ssor och vad v\u00e5ra kunder tycker om v\u00e5ra produkter och samarbetet med oss. Dessutom ber\u00e4ttar v\u00e5ra medarbetare fr\u00e5n olika delar av organisationen om hur en arbetsdag kan se ut och hur det \u00e4r att vara en del av Weland.<\/p>\n\n\n\n<p><a href=\"https:\/\/form.apsis.one\/ccIQJyVEJM3qnM\" target=\"_blank\" rel=\"noopener\">Anm\u00e4l dig till v\u00e5rt nyhetsbrev<\/a><\/p>\n\n\n\n<div style=\"height:30px\" aria-hidden=\"true\" class=\"wp-block-spacer\"><\/div>\n<\/div><\/div>\n\n\n        <div class=\"row newsfeed alignwide\">\n            <div class=\"col-sm-12 mb-5\">\n                <div class=\"row\">\n                                            <div class=\"col-sm-6 news-block mb-4\">\n                            <div class=\"row no-gutters\">\n                                                                                                                                    <div class=\"col-lg-6 d-lg-none news-image\">\n\n                                    <img decoding=\"async\" src=\"https:\/\/www.weland.com\/wp-content\/uploads\/2026\/05\/nordbygg-2026-525x335-1.jpg\" class=\"featSecImgMob\">                                        <img decoding=\"async\" src=\"https:\/\/www.weland.com\/wp-content\/uploads\/2026\/05\/nordbygg-2026-300x300-1.jpg\" class=\"img-fluid d-none d-lg-block\">\n                                    <\/div>\n                                                                \n                                <div class=\"col-lg-6 d-none d-lg-block news-image\">\n                                <img decoding=\"async\" src=\"https:\/\/www.weland.com\/wp-content\/uploads\/2026\/05\/nordbygg-2026-525x335-1.jpg\" class=\"featSecImgMob\">                                    <img decoding=\"async\" src=\"https:\/\/www.weland.com\/wp-content\/uploads\/2026\/05\/nordbygg-2026-300x300-1.jpg\" class=\"img-fluid d-none d-lg-block\">\n                                <\/div>\n                                <div class=\"col-lg-6 news-text bg-light d-flex\">\n                                    <div class=\"align-self-xl-center w-100\">\n                                        <p class=\"news-date\">2026-05-11<\/p>\n                                        <h3>Inspirerande dagar p\u00e5 Nordbygg 2026<\/h3>\n                                        <p>Nordbygg bj\u00f6d p\u00e5 fyra intensiva och inspirerande dagar n\u00e4r 31\u00a0000 bes\u00f6kare samlades f\u00f6r att ta del av det senaste inom byggbranschen. <\/p>\n                                        <a href=\"https:\/\/www.weland.com\/sv\/inspirerande-dagar-pa-nordbygg-2026\/\" class=\"btn-weland-black float-right\">\n                                            L\u00e4s Mer                                            <i class=\"fal fa-angle-right\"><\/i>\n                                        <\/a>\n                                    <\/div>\n                                <\/div>\n                            <\/div>\n                        <\/div>\n                                            <div class=\"col-sm-6 news-block mb-4\">\n                            <div class=\"row no-gutters\">\n                                                                                                                                    <div class=\"col-lg-6 d-lg-none news-image\">\n\n                                    <img decoding=\"async\" src=\"https:\/\/www.weland.com\/wp-content\/uploads\/2026\/05\/slackdurk-2510-09378-525x335-1.jpg\" class=\"featSecImgMob\">                                        <img decoding=\"async\" src=\"https:\/\/www.weland.com\/wp-content\/uploads\/2026\/05\/slackdurk-2510-09378-300x300-1.jpg\" class=\"img-fluid d-none d-lg-block\">\n                                    <\/div>\n                                                                \n                                <div class=\"col-lg-6 d-none d-lg-block news-image\">\n                                <img decoding=\"async\" src=\"https:\/\/www.weland.com\/wp-content\/uploads\/2026\/05\/slackdurk-2510-09378-525x335-1.jpg\" class=\"featSecImgMob\">                                    <img decoding=\"async\" src=\"https:\/\/www.weland.com\/wp-content\/uploads\/2026\/05\/slackdurk-2510-09378-300x300-1.jpg\" class=\"img-fluid d-none d-lg-block\">\n                                <\/div>\n                                <div class=\"col-lg-6 news-text bg-light d-flex\">\n                                    <div class=\"align-self-xl-center w-100\">\n                                        <p class=\"news-date\">2026-05-06<\/p>\n                                        <h3>Tre sekunder som g\u00f6r skillnad i Himmeta<\/h3>\n                                        <p>I takt med att energibehovet v\u00e4xer i V\u00e4stra M\u00e4lardalen tar en ny kraftledning form. Vid transformatorstationen i Himmeta, projektets knutpunkt, har cirka 620 kvadratmeter sl\u00e4ckdurk fr\u00e5n Weland installerats \u2013 en viktig brandskyddsl\u00f6sning f\u00f6r att kv\u00e4va en eventuell oljebrand.<\/p>\n                                        <a href=\"https:\/\/www.weland.com\/sv\/tre-sekunder-som-gor-skillnad-i-himmeta\/\" class=\"btn-weland-black float-right\">\n                                            L\u00e4s Mer                                            <i class=\"fal fa-angle-right\"><\/i>\n                                        <\/a>\n                                    <\/div>\n                                <\/div>\n                            <\/div>\n                        <\/div>\n                                            <div class=\"col-sm-6 news-block mb-4\">\n                            <div class=\"row no-gutters\">\n                                                                                                                                    <div class=\"col-lg-6 d-lg-none news-image\">\n\n                                    <img decoding=\"async\" src=\"https:\/\/www.weland.com\/wp-content\/uploads\/2026\/05\/0T8A3284-525x335-1.jpg\" class=\"featSecImgMob\">                                        <img decoding=\"async\" src=\"https:\/\/www.weland.com\/wp-content\/uploads\/2026\/05\/0T8A3284-300x300-1.jpg\" class=\"img-fluid d-none d-lg-block\">\n                                    <\/div>\n                                                                \n                                <div class=\"col-lg-6 d-none d-lg-block news-image\">\n                                <img decoding=\"async\" src=\"https:\/\/www.weland.com\/wp-content\/uploads\/2026\/05\/0T8A3284-525x335-1.jpg\" class=\"featSecImgMob\">                                    <img decoding=\"async\" src=\"https:\/\/www.weland.com\/wp-content\/uploads\/2026\/05\/0T8A3284-300x300-1.jpg\" class=\"img-fluid d-none d-lg-block\">\n                                <\/div>\n                                <div class=\"col-lg-6 news-text bg-light d-flex\">\n                                    <div class=\"align-self-xl-center w-100\">\n                                        <p class=\"news-date\">2026-05-05<\/p>\n                                        <h3>S\u00e4kerhet med ett modernt uttryck<\/h3>\n                                        <p>N\u00e4r r\u00f6rgrossisten Hoberg &#038; Driesch Sweden byggde om sitt kontor beh\u00f6vdes en utrymningstrappa som kombinerade h\u00f6g s\u00e4kerhet med modern design.<\/p>\n                                        <a href=\"https:\/\/www.weland.com\/sv\/sakerhet-med-ett-modernt-uttryck\/\" class=\"btn-weland-black float-right\">\n                                            L\u00e4s Mer                                            <i class=\"fal fa-angle-right\"><\/i>\n                                        <\/a>\n                                    <\/div>\n                                <\/div>\n                            <\/div>\n                        <\/div>\n                                            <div class=\"col-sm-6 news-block mb-4\">\n                            <div class=\"row no-gutters\">\n                                                                                                                                    <div class=\"col-lg-6 d-lg-none news-image\">\n\n                                    <img decoding=\"async\" src=\"https:\/\/www.weland.com\/wp-content\/uploads\/2026\/04\/vinnaren-525x335-1.jpg\" class=\"featSecImgMob\">                                        <img decoding=\"async\" src=\"https:\/\/www.weland.com\/wp-content\/uploads\/2026\/04\/vinnaren-300x300-1.jpg\" class=\"img-fluid d-none d-lg-block\">\n                                    <\/div>\n                                                                \n                                <div class=\"col-lg-6 d-none d-lg-block news-image\">\n                                <img decoding=\"async\" src=\"https:\/\/www.weland.com\/wp-content\/uploads\/2026\/04\/vinnaren-525x335-1.jpg\" class=\"featSecImgMob\">                                    <img decoding=\"async\" src=\"https:\/\/www.weland.com\/wp-content\/uploads\/2026\/04\/vinnaren-300x300-1.jpg\" class=\"img-fluid d-none d-lg-block\">\n                                <\/div>\n                                <div class=\"col-lg-6 news-text bg-light d-flex\">\n                                    <div class=\"align-self-xl-center w-100\">\n                                        <p class=\"news-date\">2026-04-21<\/p>\n                                        <h3>Hanna B\u00f6rjesson vinner Weland Next Step 2026<\/h3>\n                                        <p>Lyfter barnets perspektiv i innovativ trappid\u00e9<\/p>\n                                        <a href=\"https:\/\/www.weland.com\/sv\/hanna-borjesson-vinner-weland-next-step-2026\/\" class=\"btn-weland-black float-right\">\n                                            L\u00e4s Mer                                            <i class=\"fal fa-angle-right\"><\/i>\n                                        <\/a>\n                                    <\/div>\n                                <\/div>\n                            <\/div>\n                        <\/div>\n                                            <div class=\"col-sm-6 news-block mb-4\">\n                            <div class=\"row no-gutters\">\n                                                                                                                                    <div class=\"col-lg-6 d-lg-none news-image\">\n\n                                    <img decoding=\"async\" src=\"https:\/\/www.weland.com\/wp-content\/uploads\/2026\/04\/trappan-till-naturen-525x335-1.png\" class=\"featSecImgMob\">                                        <img decoding=\"async\" src=\"https:\/\/www.weland.com\/wp-content\/uploads\/2026\/04\/trappan-till-naturen-300x300-1.png\" class=\"img-fluid d-none d-lg-block\">\n                                    <\/div>\n                                                                \n                                <div class=\"col-lg-6 d-none d-lg-block news-image\">\n                                <img decoding=\"async\" src=\"https:\/\/www.weland.com\/wp-content\/uploads\/2026\/04\/trappan-till-naturen-525x335-1.png\" class=\"featSecImgMob\">                                    <img decoding=\"async\" src=\"https:\/\/www.weland.com\/wp-content\/uploads\/2026\/04\/trappan-till-naturen-300x300-1.png\" class=\"img-fluid d-none d-lg-block\">\n                                <\/div>\n                                <div class=\"col-lg-6 news-text bg-light d-flex\">\n                                    <div class=\"align-self-xl-center w-100\">\n                                        <p class=\"news-date\">2026-04-07<\/p>\n                                        <h3>Trappan till naturen vinner Branschens R\u00f6st<\/h3>\n                                        <p>Om bara ett par veckor f\u00e5r vi veta vem som tar hem vinsten i Weland Next Step 2026. Men redan nu kan vi avsl\u00f6ja vinnaren av Branschens R\u00f6st.<\/p>\n                                        <a href=\"https:\/\/www.weland.com\/sv\/trappan-till-naturen-vinner-branschens-rost\/\" class=\"btn-weland-black float-right\">\n                                            L\u00e4s Mer                                            <i class=\"fal fa-angle-right\"><\/i>\n                                        <\/a>\n                                    <\/div>\n                                <\/div>\n                            <\/div>\n                        <\/div>\n                                            <div class=\"col-sm-6 news-block mb-4\">\n                            <div class=\"row no-gutters\">\n                                                                                                                                    <div class=\"col-lg-6 d-lg-none news-image\">\n\n                                    <img decoding=\"async\" src=\"https:\/\/www.weland.com\/wp-content\/uploads\/2026\/03\/racken-0t8a1662-525x335-1.png\" class=\"featSecImgMob\">                                        <img decoding=\"async\" src=\"https:\/\/www.weland.com\/wp-content\/uploads\/2026\/03\/racken-0t8a1662-300x300-1.png\" class=\"img-fluid d-none d-lg-block\">\n                                    <\/div>\n                                                                \n                                <div class=\"col-lg-6 d-none d-lg-block news-image\">\n                                <img decoding=\"async\" src=\"https:\/\/www.weland.com\/wp-content\/uploads\/2026\/03\/racken-0t8a1662-525x335-1.png\" class=\"featSecImgMob\">                                    <img decoding=\"async\" src=\"https:\/\/www.weland.com\/wp-content\/uploads\/2026\/03\/racken-0t8a1662-300x300-1.png\" class=\"img-fluid d-none d-lg-block\">\n                                <\/div>\n                                <div class=\"col-lg-6 news-text bg-light d-flex\">\n                                    <div class=\"align-self-xl-center w-100\">\n                                        <p class=\"news-date\">2026-03-13<\/p>\n                                        <h3>Tydligt och s\u00e4kert p\u00e5 Trioworld<\/h3>\n                                        <p>N\u00e4r en entresol i produktionen skulle s\u00e4kras med r\u00e4cken f\u00f6ll valet av leverant\u00f6r p\u00e5 grannen Weland.<\/p>\n                                        <a href=\"https:\/\/www.weland.com\/sv\/tydligt-och-sakert-pa-trioworld\/\" class=\"btn-weland-black float-right\">\n                                            L\u00e4s Mer                                            <i class=\"fal fa-angle-right\"><\/i>\n                                        <\/a>\n                                    <\/div>\n                                <\/div>\n                            <\/div>\n                        <\/div>\n                                    <\/div>\n            <\/div>\n                                                                <ul class='page-numbers'>\n\t<li><span aria-current=\"page\" class=\"page-numbers current\">1<\/span><\/li>\n\t<li><a class=\"page-numbers\" href=\"https:\/\/www.weland.com\/sv\/wp-json\/wp\/v2\/pages\/3248\/page\/2\/\">2<\/a><\/li>\n\t<li><a class=\"page-numbers\" href=\"https:\/\/www.weland.com\/sv\/wp-json\/wp\/v2\/pages\/3248\/page\/3\/\">3<\/a><\/li>\n\t<li><a class=\"page-numbers\" href=\"https:\/\/www.weland.com\/sv\/wp-json\/wp\/v2\/pages\/3248\/page\/4\/\">4<\/a><\/li>\n\t<li><a class=\"page-numbers\" href=\"https:\/\/www.weland.com\/sv\/wp-json\/wp\/v2\/pages\/3248\/page\/5\/\">5<\/a><\/li>\n\t<li><a class=\"page-numbers\" href=\"https:\/\/www.weland.com\/sv\/wp-json\/wp\/v2\/pages\/3248\/page\/6\/\">6<\/a><\/li>\n\t<li><a class=\"page-numbers\" href=\"https:\/\/www.weland.com\/sv\/wp-json\/wp\/v2\/pages\/3248\/page\/7\/\">7<\/a><\/li>\n\t<li><a class=\"next page-numbers\" href=\"https:\/\/www.weland.com\/sv\/wp-json\/wp\/v2\/pages\/3248\/page\/2\/\">N\u00e4sta<\/a><\/li>\n<\/ul>\n        \n        <\/div>\n        ","protected":false},"excerpt":{"rendered":"<p>V\u00c4LKOMMEN TILL V\u00c5R NYHETSSIDA! H\u00e4r hittar du senaste nytt fr\u00e5n oss [&hellip;]<\/p>\n","protected":false},"author":1,"featured_media":0,"parent":3253,"menu_order":4,"comment_status":"closed","ping_status":"closed","template":"","meta":{"_acf_changed":false,"inline_featured_image":false,"footnotes":""},"class_list":["post-3248","page","type-page","status-publish","hentry"],"acf":[],"featured_image_src":null,"_links":{"self":[{"href":"https:\/\/www.weland.com\/sv\/wp-json\/wp\/v2\/pages\/3248","targetHints":{"allow":["GET"]}}],"collection":[{"href":"https:\/\/www.weland.com\/sv\/wp-json\/wp\/v2\/pages"}],"about":[{"href":"https:\/\/www.weland.com\/sv\/wp-json\/wp\/v2\/types\/page"}],"author":[{"embeddable":true,"href":"https:\/\/www.weland.com\/sv\/wp-json\/wp\/v2\/users\/1"}],"replies":[{"embeddable":true,"href":"https:\/\/www.weland.com\/sv\/wp-json\/wp\/v2\/comments?post=3248"}],"version-history":[{"count":16,"href":"https:\/\/www.weland.com\/sv\/wp-json\/wp\/v2\/pages\/3248\/revisions"}],"predecessor-version":[{"id":28229,"href":"https:\/\/www.weland.com\/sv\/wp-json\/wp\/v2\/pages\/3248\/revisions\/28229"}],"up":[{"embeddable":true,"href":"https:\/\/www.weland.com\/sv\/wp-json\/wp\/v2\/pages\/3253"}],"wp:attachment":[{"href":"https:\/\/www.weland.com\/sv\/wp-json\/wp\/v2\/media?parent=3248"}],"curies":[{"name":"wp","href":"https:\/\/api.w.org\/{rel}","templated":true}]}}