{"id":27222,"date":"2025-05-21T13:19:14","date_gmt":"2025-05-21T13:19:14","guid":{"rendered":"https:\/\/www.weland.com\/?page_id=27222"},"modified":"2025-09-01T08:06:26","modified_gmt":"2025-09-01T08:06:26","slug":"weland-open","status":"publish","type":"page","link":"https:\/\/www.weland.com\/sv\/weland-open\/","title":{"rendered":"Weland Open"},"content":{"rendered":"\n<div class=\"wp-block-cover alignfull is-light has-custom-content-position is-position-bottom-left\"><img loading=\"lazy\" decoding=\"async\" width=\"1024\" height=\"410\" class=\"wp-block-cover__image-background wp-image-27223 size-large\" alt=\"\" src=\"https:\/\/www.weland.com\/wp-content\/uploads\/2025\/05\/golf-header-2000x800-1-1024x410.jpg\" data-object-fit=\"cover\" srcset=\"https:\/\/www.weland.com\/wp-content\/uploads\/2025\/05\/golf-header-2000x800-1-1024x410.jpg 1024w, https:\/\/www.weland.com\/wp-content\/uploads\/2025\/05\/golf-header-2000x800-1-300x120.jpg 300w, https:\/\/www.weland.com\/wp-content\/uploads\/2025\/05\/golf-header-2000x800-1-150x60.jpg 150w, https:\/\/www.weland.com\/wp-content\/uploads\/2025\/05\/golf-header-2000x800-1-768x307.jpg 768w, https:\/\/www.weland.com\/wp-content\/uploads\/2025\/05\/golf-header-2000x800-1-1536x614.jpg 1536w, https:\/\/www.weland.com\/wp-content\/uploads\/2025\/05\/golf-header-2000x800-1-1568x627.jpg 1568w, https:\/\/www.weland.com\/wp-content\/uploads\/2025\/05\/golf-header-2000x800-1.jpg 2000w\" sizes=\"auto, (max-width: 1024px) 100vw, 1024px\" \/><span aria-hidden=\"true\" class=\"wp-block-cover__background has-background-dim-0 has-background-dim\" style=\"background-color:#98b475\"><\/span><div class=\"wp-block-cover__inner-container is-layout-flow wp-block-cover-is-layout-flow\">\n<p class=\"has-text-align-center has-large-font-size\"><\/p>\n<\/div><\/div>\n\n\n        <div class=\"container page-breadcrumb\">\n            <div class=\"row\">\n                <div class=\"col-sm-12\" style=\"padding-left: 0\">\n                    <nav aria-label=\"breadcrumb\">\n                        <ol class=\"breadcrumb\">\n                            <li class=\"breadcrumb-item\">\n                                <a href=\"https:\/\/www.weland.com\/sv\/\">Startsida<\/a>\n                            <\/li>\n                              \n                                                            <li class=\"breadcrumb-item CC active\" aria-current=\"page\">\n                                    Weland Open                                <\/li>\n                                                    <\/ol>\n                    <\/nav>\n                <\/div>\n            <\/div>\n        <\/div>\n\n        \n\n\n<div class=\"wp-block-columns alignwide is-layout-flex wp-container-core-columns-is-layout-9d6595d7 wp-block-columns-is-layout-flex\">\n<div class=\"wp-block-column is-layout-flow wp-block-column-is-layout-flow\" style=\"flex-basis:67%\">\n<div style=\"height:10px\" aria-hidden=\"true\" class=\"wp-block-spacer\"><\/div>\n\n\n\n<h1 class=\"wp-block-heading\">Weland Open<\/h1>\n\n\n\n<p>Varmt v\u00e4lkommen till v\u00e5r golft\u00e4vling, Weland Open, p\u00e5 V\u00e4xj\u00f6 Golfklubb den 19 september. En h\u00e4rlig dag med golf, god mat och mingel tillsammans med oss, Weland och v\u00e5ra dotterbolag, samt v\u00e5ra kunder.<\/p>\n\n\n\n<p>V\u00e4nligen anm\u00e4l dig genom att fylla i nedan formul\u00e4r.<br><br><strong>Sista anm\u00e4lningsdag 5 september.<\/strong><\/p>\n\n\n\n<p>Vi ses!<\/p>\n\n\n<style id=\"wpforms-css-vars-27218-block-059f0a35-1fb9-4b30-a723-b626d8621afc\">\n\t\t\t\t#wpforms-27218.wpforms-block-059f0a35-1fb9-4b30-a723-b626d8621afc {\n\t\t\t\t--wpforms-field-size-input-height: 43px;\n--wpforms-field-size-input-spacing: 15px;\n--wpforms-field-size-font-size: 16px;\n--wpforms-field-size-line-height: 19px;\n--wpforms-field-size-padding-h: 14px;\n--wpforms-field-size-checkbox-size: 16px;\n--wpforms-field-size-sublabel-spacing: 5px;\n--wpforms-field-size-icon-size: 1;\n--wpforms-label-size-font-size: 16px;\n--wpforms-label-size-line-height: 19px;\n--wpforms-label-size-sublabel-font-size: 14px;\n--wpforms-label-size-sublabel-line-height: 17px;\n--wpforms-button-size-font-size: 17px;\n--wpforms-button-size-height: 41px;\n--wpforms-button-size-padding-h: 15px;\n--wpforms-button-size-margin-top: 10px;\n--wpforms-container-shadow-size-box-shadow: none;\n\t\t\t}\n\t\t\t<\/style><div class=\"wpforms-container wpforms-container-full wpforms-block wpforms-block-059f0a35-1fb9-4b30-a723-b626d8621afc wpforms-render-modern\" id=\"wpforms-27218\"><form id=\"wpforms-form-27218\" class=\"wpforms-validate wpforms-form wpforms-ajax-form\" data-formid=\"27218\" method=\"post\" enctype=\"multipart\/form-data\" action=\"\/sv\/wp-json\/wp\/v2\/pages\/27222\" data-token=\"199c86c768b8990a869b5c6501c4cfe1\" data-token-time=\"1776291805\"><noscript class=\"wpforms-error-noscript\">Aktivera JavaScript i din webbl\u00e4sare f\u00f6r att fylla i formul\u00e4ret.<\/noscript><div id=\"wpforms-error-noscript\" style=\"display: none;\">Aktivera JavaScript i din webbl\u00e4sare f\u00f6r att fylla i formul\u00e4ret.<\/div><div class=\"wpforms-field-container\"><div id=\"wpforms-27218-field_1-container\" class=\"wpforms-field wpforms-field-layout\" data-field-id=\"1\"><div class=\"wpforms-field-layout-rows wpforms-field-large\"><div class=\"wpforms-layout-row\"><div class=\"wpforms-layout-column wpforms-layout-column-50\"><div id=\"wpforms-27218-field_3-container\" class=\"wpforms-field wpforms-field-text\" data-field-id=\"3\"><label class=\"wpforms-field-label\" for=\"wpforms-27218-field_3\">Namn <span class=\"wpforms-required-label\" aria-hidden=\"true\">*<\/span><\/label><input type=\"text\" id=\"wpforms-27218-field_3\" class=\"wpforms-field-medium wpforms-field-required\" name=\"wpforms[fields][3]\" aria-errormessage=\"wpforms-27218-field_3-error\" required><\/div><\/div><div class=\"wpforms-layout-column wpforms-layout-column-50\"><div id=\"wpforms-27218-field_4-container\" class=\"wpforms-field wpforms-field-email\" data-field-id=\"4\"><label class=\"wpforms-field-label\" for=\"wpforms-27218-field_4\">E-post <span class=\"wpforms-required-label\" aria-hidden=\"true\">*<\/span><\/label><input type=\"email\" id=\"wpforms-27218-field_4\" class=\"wpforms-field-medium wpforms-field-required\" name=\"wpforms[fields][4]\" spellcheck=\"false\" aria-errormessage=\"wpforms-27218-field_4-error\" required><\/div><\/div><\/div><div class=\"wpforms-layout-row\"><div class=\"wpforms-layout-column wpforms-layout-column-50\"><div id=\"wpforms-27218-field_6-container\" class=\"wpforms-field wpforms-field-text\" data-field-id=\"6\"><label class=\"wpforms-field-label\" for=\"wpforms-27218-field_6\">F\u00f6retag<\/label><input type=\"text\" id=\"wpforms-27218-field_6\" class=\"wpforms-field-medium\" name=\"wpforms[fields][6]\" aria-errormessage=\"wpforms-27218-field_6-error\" ><\/div><\/div><div class=\"wpforms-layout-column wpforms-layout-column-50\"><div id=\"wpforms-27218-field_8-container\" class=\"wpforms-field wpforms-field-text\" data-field-id=\"8\"><label class=\"wpforms-field-label\" for=\"wpforms-27218-field_8\">Golf-ID <span class=\"wpforms-required-label\" aria-hidden=\"true\">*<\/span><\/label><input type=\"text\" id=\"wpforms-27218-field_8\" class=\"wpforms-field-medium wpforms-field-required\" name=\"wpforms[fields][8]\" aria-errormessage=\"wpforms-27218-field_8-error\" required><\/div><\/div><\/div><\/div><\/div>\t\t<div id=\"wpforms-27218-field_2-container\"\n\t\t\tclass=\"wpforms-field wpforms-field-text\"\n\t\t\tdata-field-type=\"text\"\n\t\t\tdata-field-id=\"2\"\n\t\t\t>\n\t\t\t<label class=\"wpforms-field-label\" for=\"wpforms-27218-field_2\" >Namn Layout Golf-ID<\/label>\n\t\t\t<input type=\"text\" id=\"wpforms-27218-field_2\" class=\"wpforms-field-medium\" name=\"wpforms[fields][2]\" >\n\t\t<\/div>\n\t\t<div id=\"wpforms-27218-field_10-container\" class=\"wpforms-field wpforms-field-text\" data-field-id=\"10\"><label class=\"wpforms-field-label\" for=\"wpforms-27218-field_10\">Ev. allergier<\/label><input type=\"text\" id=\"wpforms-27218-field_10\" class=\"wpforms-field-large\" name=\"wpforms[fields][10]\" aria-errormessage=\"wpforms-27218-field_10-error\" ><\/div><script>\n\t\t\t\t( function() {\n\t\t\t\t\tconst style = document.createElement( 'style' );\n\t\t\t\t\tstyle.appendChild( document.createTextNode( '#wpforms-27218-field_2-container { position: absolute !important; overflow: hidden !important; display: inline !important; height: 1px !important; width: 1px !important; z-index: -1000 !important; padding: 0 !important; } #wpforms-27218-field_2-container input { visibility: hidden; } #wpforms-conversational-form-page #wpforms-27218-field_2-container label { counter-increment: none; }' ) );\n\t\t\t\t\tdocument.head.appendChild( style );\n\t\t\t\t\tdocument.currentScript?.remove();\n\t\t\t\t} )();\n\t\t\t<\/script><\/div><!-- .wpforms-field-container --><div class=\"wpforms-submit-container\" ><input type=\"hidden\" name=\"wpforms[id]\" value=\"27218\"><input type=\"hidden\" name=\"page_title\" value=\"\"><input type=\"hidden\" name=\"page_url\" value=\"https:\/\/www.weland.com\/sv\/wp-json\/wp\/v2\/pages\/27222\"><input type=\"hidden\" name=\"url_referer\" value=\"\"><button type=\"submit\" name=\"wpforms[submit]\" id=\"wpforms-submit-27218\" class=\"wpforms-submit\" data-alt-text=\"Skickar...\" data-submit-text=\"Anm\u00e4l deltagande\" aria-live=\"assertive\" value=\"wpforms-submit\">Anm\u00e4l deltagande<\/button><img loading=\"lazy\" decoding=\"async\" src=\"https:\/\/www.weland.com\/wp-content\/plugins\/wpforms\/assets\/images\/submit-spin.svg\" class=\"wpforms-submit-spinner\" style=\"display: none;\" width=\"26\" height=\"26\" alt=\"Laddar\"><\/div><\/form><\/div>  <!-- .wpforms-container --><\/div>\n\n\n\n<div class=\"wp-block-column is-layout-flow wp-block-column-is-layout-flow\" style=\"flex-basis:0%\"><\/div>\n\n\n\n<div class=\"wp-block-column is-layout-flow wp-block-column-is-layout-flow\" style=\"flex-basis:33%\">\n<figure class=\"wp-block-image size-large\"><img loading=\"lazy\" decoding=\"async\" width=\"879\" height=\"1024\" src=\"https:\/\/www.weland.com\/wp-content\/uploads\/2025\/05\/weland-open-logo-1000x1165-1-879x1024.jpg\" alt=\"Weland Open\" class=\"wp-image-27225\" srcset=\"https:\/\/www.weland.com\/wp-content\/uploads\/2025\/05\/weland-open-logo-1000x1165-1-879x1024.jpg 879w, https:\/\/www.weland.com\/wp-content\/uploads\/2025\/05\/weland-open-logo-1000x1165-1-258x300.jpg 258w, https:\/\/www.weland.com\/wp-content\/uploads\/2025\/05\/weland-open-logo-1000x1165-1-129x150.jpg 129w, https:\/\/www.weland.com\/wp-content\/uploads\/2025\/05\/weland-open-logo-1000x1165-1-768x895.jpg 768w, https:\/\/www.weland.com\/wp-content\/uploads\/2025\/05\/weland-open-logo-1000x1165-1.jpg 1000w\" sizes=\"auto, (max-width: 879px) 100vw, 879px\" \/><\/figure>\n<\/div>\n<\/div>\n\n\n\n<div style=\"height:50px\" aria-hidden=\"true\" class=\"wp-block-spacer\"><\/div>\n","protected":false},"excerpt":{"rendered":"<p>Weland Open Varmt v\u00e4lkommen till v\u00e5r golft\u00e4vling, Weland Open, p\u00e5 V\u00e4xj\u00f6 [&hellip;]<\/p>\n","protected":false},"author":8,"featured_media":0,"parent":0,"menu_order":0,"comment_status":"closed","ping_status":"closed","template":"","meta":{"_acf_changed":false,"inline_featured_image":false,"footnotes":""},"class_list":["post-27222","page","type-page","status-publish","hentry"],"acf":[],"featured_image_src":null,"_links":{"self":[{"href":"https:\/\/www.weland.com\/sv\/wp-json\/wp\/v2\/pages\/27222","targetHints":{"allow":["GET"]}}],"collection":[{"href":"https:\/\/www.weland.com\/sv\/wp-json\/wp\/v2\/pages"}],"about":[{"href":"https:\/\/www.weland.com\/sv\/wp-json\/wp\/v2\/types\/page"}],"author":[{"embeddable":true,"href":"https:\/\/www.weland.com\/sv\/wp-json\/wp\/v2\/users\/8"}],"replies":[{"embeddable":true,"href":"https:\/\/www.weland.com\/sv\/wp-json\/wp\/v2\/comments?post=27222"}],"version-history":[{"count":7,"href":"https:\/\/www.weland.com\/sv\/wp-json\/wp\/v2\/pages\/27222\/revisions"}],"predecessor-version":[{"id":29185,"href":"https:\/\/www.weland.com\/sv\/wp-json\/wp\/v2\/pages\/27222\/revisions\/29185"}],"wp:attachment":[{"href":"https:\/\/www.weland.com\/sv\/wp-json\/wp\/v2\/media?parent=27222"}],"curies":[{"name":"wp","href":"https:\/\/api.w.org\/{rel}","templated":true}]}}