{"id":26833,"date":"2025-04-01T11:19:20","date_gmt":"2025-04-01T11:19:20","guid":{"rendered":"https:\/\/www.weland.com\/?page_id=26833"},"modified":"2025-04-01T11:19:23","modified_gmt":"2025-04-01T11:19:23","slug":"om-arkitekturmassan-i-halmstad","status":"publish","type":"page","link":"https:\/\/www.weland.com\/sv\/om-arkitekturmassan-i-halmstad\/","title":{"rendered":"Om Arkitekturm\u00e4ssan i Halmstad"},"content":{"rendered":"\n<div class=\"wp-block-cover alignfull\"><span aria-hidden=\"true\" class=\"wp-block-cover__background has-background-dim-0 has-background-dim\" style=\"background-color:#28377d\"><\/span><img loading=\"lazy\" decoding=\"async\" width=\"2000\" height=\"800\" class=\"wp-block-cover__image-background wp-image-26893\" alt=\"\" src=\"https:\/\/www.weland.com\/wp-content\/uploads\/2025\/04\/jos-slits-bla-header-3-2000x800-1.jpg\" data-object-fit=\"cover\" srcset=\"https:\/\/www.weland.com\/wp-content\/uploads\/2025\/04\/jos-slits-bla-header-3-2000x800-1.jpg 2000w, https:\/\/www.weland.com\/wp-content\/uploads\/2025\/04\/jos-slits-bla-header-3-2000x800-1-300x120.jpg 300w, https:\/\/www.weland.com\/wp-content\/uploads\/2025\/04\/jos-slits-bla-header-3-2000x800-1-1024x410.jpg 1024w, https:\/\/www.weland.com\/wp-content\/uploads\/2025\/04\/jos-slits-bla-header-3-2000x800-1-150x60.jpg 150w, https:\/\/www.weland.com\/wp-content\/uploads\/2025\/04\/jos-slits-bla-header-3-2000x800-1-768x307.jpg 768w, https:\/\/www.weland.com\/wp-content\/uploads\/2025\/04\/jos-slits-bla-header-3-2000x800-1-1536x614.jpg 1536w, https:\/\/www.weland.com\/wp-content\/uploads\/2025\/04\/jos-slits-bla-header-3-2000x800-1-1568x627.jpg 1568w\" sizes=\"auto, (max-width: 2000px) 100vw, 2000px\" \/><div class=\"wp-block-cover__inner-container is-layout-flow wp-block-cover-is-layout-flow\">\n<p class=\"has-text-align-center has-large-font-size\"><\/p>\n<\/div><\/div>\n\n\n\n<div class=\"wp-block-columns alignwide is-layout-flex wp-container-core-columns-is-layout-9d6595d7 wp-block-columns-is-layout-flex\">\n<div class=\"wp-block-column is-layout-flow wp-block-column-is-layout-flow\" style=\"flex-basis:66.66%\">        <div class=\"container page-breadcrumb\">\n            <div class=\"row\">\n                <div class=\"col-sm-12\" style=\"padding-left: 0\">\n                    <nav aria-label=\"breadcrumb\">\n                        <ol class=\"breadcrumb\">\n                            <li class=\"breadcrumb-item\">\n                                <a href=\"https:\/\/www.weland.com\/sv\/\">Startsida<\/a>\n                            <\/li>\n                              \n                                                            <li class=\"breadcrumb-item CC active\" aria-current=\"page\">\n                                    Om Arkitekturm\u00e4ssan i Halmstad                                <\/li>\n                                                    <\/ol>\n                    <\/nav>\n                <\/div>\n            <\/div>\n        <\/div>\n\n        \n\n\n<div style=\"height:29px\" aria-hidden=\"true\" class=\"wp-block-spacer\"><\/div>\n\n\n\n<h1 class=\"wp-block-heading\">Uppt\u00e4ck v\u00e5r nya spiraltrappa JOS<\/h1>\n\n\n\n<p>I v\u00e5r nya spiraltrappa JOS \u00e4r varje steg, r\u00e4cke och s\u00e4ttsteg bockade fr\u00e5n en och samma pl\u00e5t. Trappan har 30% l\u00e4gre vikt \u00e4n en traditionell spiraltrappa och montagetiden har halverats. Klimatavtrycket ligger p\u00e5 hela 48% under Boverkets gr\u00e4nsv\u00e4rde f\u00f6r varmf\u00f6rzinkade st\u00e5ltrappor.\u00a0<\/p>\n\n\n\n<p>Vi st\u00e4ller ut p\u00e5 <a href=\"https:\/\/www.arkitektakademin.se\/250507.html\" target=\"_blank\" rel=\"noopener\">Arkitekturm\u00e4ssan i Halmstad<\/a>. Kom f\u00f6rbi och prata JOS med oss!<\/p>\n\n\n\n<div style=\"height:27px\" aria-hidden=\"true\" class=\"wp-block-spacer\"><\/div>\n\n\n<h4 class=\"wp-block-post-title\">Om Arkitekturm\u00e4ssan i Halmstad<\/h4>\n\n\n<p><strong>Plats: Halmstads Teater. Datum: 7 maj. Tid: 11:00 &#8211; 14:00.\u00a0<\/strong><br>H\u00e4r tr\u00e4ffar du representanter fr\u00e5n ett antal ledande leverant\u00f6rer inom en m\u00e4ngd olika omr\u00e5den. M\u00e4ssan passar alla som jobbar med husarkitektur, konstruktion, inredning och landskap. Du f\u00e5r intressant och viktig information om produktnyheter, trender, innovationer och milj\u00f6aspekter och kan diskutera l\u00f6sningar i en mysig,n\u00e4ra milj\u00f6. Vi ses d\u00e4r!<\/p>\n\n\n\n<p><em>Gratis entr\u00e9 och m\u00e4ssan bjuder f\u00f6ranm\u00e4lda bes\u00f6kare p\u00e5 lunch kl 12:00. Anm\u00e4l dig <a href=\"https:\/\/www.arkitektakademin.se\/250507.html\" target=\"_blank\" rel=\"noopener\">h\u00e4r<\/a>.<\/em><\/p>\n\n\n\n<p><a href=\"https:\/\/www.weland.com\/sv\/produkter\/trappor\/spiraltrappor-jos\/\">Webbplats f\u00f6r spiraltrappan JOS<\/a><\/p>\n\n\n\n<p><a href=\"https:\/\/www.flipsnack.com\/industrireklam\/spiraltrappan-jos\/full-view.html\" target=\"_blank\" rel=\"noopener\">Broschyr spiraltrappan JOS<\/a><\/p>\n\n\n\n<p><a href=\"https:\/\/www.youtube.com\/watch?v=lysF-wDIpu0\" target=\"_blank\" rel=\"noopener\">Film montageguide spiraltrappan JOS<\/a><\/p>\n\n\n\n<p><\/p>\n<\/div>\n\n\n\n<div class=\"wp-block-column is-layout-flow wp-block-column-is-layout-flow\" style=\"flex-basis:33.33%\">\n<div style=\"height:65px\" aria-hidden=\"true\" class=\"wp-block-spacer\"><\/div>\n\n\n<div class=\"row\">\n        <div class=\"col-12 ProductInfoBox\">\n        <div id=\"ProductCarousel-block_359248843a39451f99107f37806eefa4\" class=\"welandCarousel carousel slide\"\n             data-interval=\"false\" data-ride=\"carousel\">\n                                    <div class=\"carousel-inner\" style=\"\">\n                                                                                            <div class=\"carousel-item active\">\n                        <div class=\"magnifier-box c\">\n                                                        <a href=\"https:\/\/www.weland.com\/wp-content\/uploads\/2025\/04\/spiraltrappa-plat-racke-slitsar-800x1200-aw00016105.jpg\" data-caption=\"Isak Hulander\" data-photoswipe=\"photoswipe-block_359248843a39451f99107f37806eefa4\" class=\"lightbox-gallery\" data-width=\"800\" data-height=\"1200\" data-fancybox=\"gallery-block_359248843a39451f99107f37806eefa4\">\n                                                                <div class=\"lightbox-container\">\n                                    <img decoding=\"async\" src=\"https:\/\/www.weland.com\/wp-content\/uploads\/2025\/04\/spiraltrappa-plat-racke-slitsar-800x1200-aw00016105-768x1152.jpg\"\n                                         alt=\"Isak Hulander\" class=\"d-block w-100\">\n                                      \n\n\n                                      \n                                    <div class=\"buttons\">\n                                        <i class=\"fal fa-search fa-2x\" aria-hidden=\"true\"><\/i>\n                                    <\/div>\n                                <\/div>\n                                                            <\/a>\n                                                    <\/div>\n                    <\/div>\n                                                <\/div>\n                    <\/div>\n    <\/div>\n<\/div>\n<\/div>\n<\/div>\n","protected":false},"excerpt":{"rendered":"<p>Uppt\u00e4ck v\u00e5r nya spiraltrappa JOS I v\u00e5r nya spiraltrappa JOS \u00e4r [&hellip;]<\/p>\n","protected":false},"author":8,"featured_media":0,"parent":0,"menu_order":0,"comment_status":"closed","ping_status":"closed","template":"","meta":{"_acf_changed":false,"inline_featured_image":false,"footnotes":""},"class_list":["post-26833","page","type-page","status-publish","hentry"],"acf":[],"featured_image_src":null,"_links":{"self":[{"href":"https:\/\/www.weland.com\/sv\/wp-json\/wp\/v2\/pages\/26833","targetHints":{"allow":["GET"]}}],"collection":[{"href":"https:\/\/www.weland.com\/sv\/wp-json\/wp\/v2\/pages"}],"about":[{"href":"https:\/\/www.weland.com\/sv\/wp-json\/wp\/v2\/types\/page"}],"author":[{"embeddable":true,"href":"https:\/\/www.weland.com\/sv\/wp-json\/wp\/v2\/users\/8"}],"replies":[{"embeddable":true,"href":"https:\/\/www.weland.com\/sv\/wp-json\/wp\/v2\/comments?post=26833"}],"version-history":[{"count":13,"href":"https:\/\/www.weland.com\/sv\/wp-json\/wp\/v2\/pages\/26833\/revisions"}],"predecessor-version":[{"id":26895,"href":"https:\/\/www.weland.com\/sv\/wp-json\/wp\/v2\/pages\/26833\/revisions\/26895"}],"wp:attachment":[{"href":"https:\/\/www.weland.com\/sv\/wp-json\/wp\/v2\/media?parent=26833"}],"curies":[{"name":"wp","href":"https:\/\/api.w.org\/{rel}","templated":true}]}}