{"id":26432,"date":"2025-02-17T13:40:39","date_gmt":"2025-02-17T13:40:39","guid":{"rendered":"https:\/\/www.weland.com\/?page_id=26432"},"modified":"2025-02-19T09:53:24","modified_gmt":"2025-02-19T09:53:24","slug":"arkitekt-och-konstruktionsstod","status":"publish","type":"page","link":"https:\/\/www.weland.com\/sv\/arkitekt-och-konstruktionsstod\/","title":{"rendered":"Arkitekt- och konstruktionsst\u00f6d"},"content":{"rendered":"\n<div class=\"wp-block-cover alignfull is-light has-custom-content-position is-position-bottom-left\"><span aria-hidden=\"true\" class=\"wp-block-cover__background has-background-dim-0 has-background-dim\" style=\"background-color:#b7b7bb\"><\/span><img loading=\"lazy\" decoding=\"async\" width=\"2000\" height=\"800\" class=\"wp-block-cover__image-background wp-image-26434\" alt=\"\" src=\"https:\/\/www.weland.com\/wp-content\/uploads\/2025\/02\/konstruktionsstod-2000x800-aw00005824.jpg\" data-object-fit=\"cover\" srcset=\"https:\/\/www.weland.com\/wp-content\/uploads\/2025\/02\/konstruktionsstod-2000x800-aw00005824.jpg 2000w, https:\/\/www.weland.com\/wp-content\/uploads\/2025\/02\/konstruktionsstod-2000x800-aw00005824-300x120.jpg 300w, https:\/\/www.weland.com\/wp-content\/uploads\/2025\/02\/konstruktionsstod-2000x800-aw00005824-1024x410.jpg 1024w, https:\/\/www.weland.com\/wp-content\/uploads\/2025\/02\/konstruktionsstod-2000x800-aw00005824-150x60.jpg 150w, https:\/\/www.weland.com\/wp-content\/uploads\/2025\/02\/konstruktionsstod-2000x800-aw00005824-768x307.jpg 768w, https:\/\/www.weland.com\/wp-content\/uploads\/2025\/02\/konstruktionsstod-2000x800-aw00005824-1536x614.jpg 1536w, https:\/\/www.weland.com\/wp-content\/uploads\/2025\/02\/konstruktionsstod-2000x800-aw00005824-1568x627.jpg 1568w\" sizes=\"auto, (max-width: 2000px) 100vw, 2000px\" \/><div class=\"wp-block-cover__inner-container is-layout-flow wp-block-cover-is-layout-flow\">\n<div class=\"wp-block-group has-black-color has-grev-rgba-background-color has-text-color has-background\"><div class=\"wp-block-group__inner-container is-layout-flow wp-block-group-is-layout-flow\">\n<h1 class=\"wp-block-heading\">Arkitekt- och konstruktionsst\u00f6d<\/h1>\n\n\n\n<p>Att v\u00e4lja r\u00e4tt gallerdurk, trappa, r\u00e4cken, ramper och entresoler \u00e4r en viktig del av byggprocessen. Vi erbjuder kostnadsfritt arkitekt- och konstruktionsst\u00f6d f\u00f6r att hj\u00e4lpa dig med tekniska fr\u00e5gor och val av produkter.<\/p>\n<\/div><\/div>\n<\/div><\/div>\n\n\n        <div class=\"container page-breadcrumb\">\n            <div class=\"row\">\n                <div class=\"col-sm-12\" style=\"padding-left: 0\">\n                    <nav aria-label=\"breadcrumb\">\n                        <ol class=\"breadcrumb\">\n                            <li class=\"breadcrumb-item\">\n                                <a href=\"https:\/\/www.weland.com\/sv\/\">Startsida<\/a>\n                            <\/li>\n                              \n                                                            <li class=\"breadcrumb-item CC active\" aria-current=\"page\">\n                                    Arkitekt- och konstruktionsst\u00f6d                                <\/li>\n                                                    <\/ol>\n                    <\/nav>\n                <\/div>\n            <\/div>\n        <\/div>\n\n        \n\n\n<div class=\"wp-block-group hide-on-desktop\"><div class=\"wp-block-group__inner-container is-layout-flow wp-block-group-is-layout-flow\">\n<h2 class=\"wp-block-heading has-black-color has-text-color\">Arkitekt- och konstruktionsst\u00f6d<\/h2>\n\n\n\n<p class=\"has-black-color has-text-color\">Att v\u00e4lja r\u00e4tt gallerdurk, trappa, r\u00e4cken, ramper och entresoler \u00e4r en viktig del av byggprocessen. Vi erbjuder kostnadsfritt arkitekt- och konstruktionsst\u00f6d f\u00f6r att hj\u00e4lpa dig med tekniska fr\u00e5gor och val av produkter.<\/p>\n\n\n\n<hr class=\"wp-block-separator has-css-opacity is-style-wide\"\/>\n<\/div><\/div>\n\n\n\n<div class=\"wp-block-columns alignwide is-layout-flex wp-container-core-columns-is-layout-9d6595d7 wp-block-columns-is-layout-flex\">\n<div class=\"wp-block-column is-layout-flow wp-block-column-is-layout-flow\">\n<div style=\"height:50px\" aria-hidden=\"true\" class=\"wp-block-spacer\"><\/div>\n\n\n\n<p>Fyll i formul\u00e4ret nedan, s\u00e5 kontaktar vi dig snarast m\u00f6jligt.\u00a0<\/p>\n\n\n<div class=\"wpforms-container wpforms-container-full wpforms-block wpforms-block-059f0a35-1fb9-4b30-a723-b626d8621afc wpforms-render-modern\" id=\"wpforms-26436\"><form id=\"wpforms-form-26436\" class=\"wpforms-validate wpforms-form wpforms-ajax-form\" data-formid=\"26436\" method=\"post\" enctype=\"multipart\/form-data\" action=\"\/sv\/wp-json\/wp\/v2\/pages\/26432\" data-token=\"9d61c0df6b7dcd0a88670d5ac76ce8b1\" data-token-time=\"1776432615\"><noscript class=\"wpforms-error-noscript\">Aktivera JavaScript i din webbl\u00e4sare f\u00f6r att fylla i formul\u00e4ret.<\/noscript><div id=\"wpforms-error-noscript\" style=\"display: none;\">Aktivera JavaScript i din webbl\u00e4sare f\u00f6r att fylla i formul\u00e4ret.<\/div><div class=\"wpforms-field-container\">\t\t<div id=\"wpforms-26436-field_2-container\"\n\t\t\tclass=\"wpforms-field wpforms-field-text\"\n\t\t\tdata-field-type=\"text\"\n\t\t\tdata-field-id=\"2\"\n\t\t\t>\n\t\t\t<label class=\"wpforms-field-label\" for=\"wpforms-26436-field_2\" >E-post Namn Telefon<\/label>\n\t\t\t<input type=\"text\" id=\"wpforms-26436-field_2\" class=\"wpforms-field-medium\" name=\"wpforms[fields][2]\" >\n\t\t<\/div>\n\t\t<div id=\"wpforms-26436-field_1-container\" class=\"wpforms-field wpforms-field-layout\" data-field-id=\"1\"><div class=\"wpforms-field-layout-rows wpforms-field-large\"><div class=\"wpforms-layout-row\"><div class=\"wpforms-layout-column wpforms-layout-column-50\"><div id=\"wpforms-26436-field_3-container\" class=\"wpforms-field wpforms-field-text\" data-field-id=\"3\"><label class=\"wpforms-field-label\" for=\"wpforms-26436-field_3\">Namn <span class=\"wpforms-required-label\" aria-hidden=\"true\">*<\/span><\/label><input type=\"text\" id=\"wpforms-26436-field_3\" class=\"wpforms-field-medium wpforms-field-required\" name=\"wpforms[fields][3]\" aria-errormessage=\"wpforms-26436-field_3-error\" required><\/div><\/div><div class=\"wpforms-layout-column wpforms-layout-column-50\"><div id=\"wpforms-26436-field_4-container\" class=\"wpforms-field wpforms-field-email\" data-field-id=\"4\"><label class=\"wpforms-field-label\" for=\"wpforms-26436-field_4\">E-post <span class=\"wpforms-required-label\" aria-hidden=\"true\">*<\/span><\/label><input type=\"email\" id=\"wpforms-26436-field_4\" class=\"wpforms-field-medium wpforms-field-required\" name=\"wpforms[fields][4]\" spellcheck=\"false\" aria-errormessage=\"wpforms-26436-field_4-error\" required><\/div><\/div><\/div><div class=\"wpforms-layout-row\"><div class=\"wpforms-layout-column wpforms-layout-column-50\"><div id=\"wpforms-26436-field_5-container\" class=\"wpforms-field wpforms-field-phone\" data-field-id=\"5\"><label class=\"wpforms-field-label\" for=\"wpforms-26436-field_5\">Telefon <span class=\"wpforms-required-label\" aria-hidden=\"true\">*<\/span><\/label><input type=\"tel\" id=\"wpforms-26436-field_5\" class=\"wpforms-field-medium wpforms-field-required wpforms-smart-phone-field\" data-rule-smart-phone-field=\"true\" name=\"wpforms[fields][5]\" aria-label=\"Telefon\" aria-errormessage=\"wpforms-26436-field_5-error\" required><\/div><\/div><div class=\"wpforms-layout-column wpforms-layout-column-50\"><div id=\"wpforms-26436-field_6-container\" class=\"wpforms-field wpforms-field-text\" data-field-id=\"6\"><label class=\"wpforms-field-label\" for=\"wpforms-26436-field_6\">F\u00f6retag<\/label><input type=\"text\" id=\"wpforms-26436-field_6\" class=\"wpforms-field-medium\" name=\"wpforms[fields][6]\" aria-errormessage=\"wpforms-26436-field_6-error\" ><\/div><\/div><\/div><div class=\"wpforms-layout-row\"><div class=\"wpforms-layout-column wpforms-layout-column-50\"><div id=\"wpforms-26436-field_7-container\" class=\"wpforms-field wpforms-field-text\" data-field-id=\"7\"><label class=\"wpforms-field-label\" for=\"wpforms-26436-field_7\">Postnummer <span class=\"wpforms-required-label\" aria-hidden=\"true\">*<\/span><\/label><input type=\"text\" id=\"wpforms-26436-field_7\" class=\"wpforms-field-medium wpforms-field-required\" name=\"wpforms[fields][7]\" aria-errormessage=\"wpforms-26436-field_7-error\" required><\/div><\/div><div class=\"wpforms-layout-column wpforms-layout-column-50\"><div id=\"wpforms-26436-field_8-container\" class=\"wpforms-field wpforms-field-text\" data-field-id=\"8\"><label class=\"wpforms-field-label\" for=\"wpforms-26436-field_8\">Postort<\/label><input type=\"text\" id=\"wpforms-26436-field_8\" class=\"wpforms-field-medium\" name=\"wpforms[fields][8]\" aria-errormessage=\"wpforms-26436-field_8-error\" ><\/div><\/div><\/div><\/div><\/div><div id=\"wpforms-26436-field_9-container\" class=\"wpforms-field wpforms-field-textarea\" data-field-id=\"9\"><label class=\"wpforms-field-label\" for=\"wpforms-26436-field_9\">Meddelande<\/label><div id=\"wpforms-26436-field_9-description\" class=\"wpforms-field-description\">Beskriv kortfattat vad du beh\u00f6ver hj\u00e4lp med.<\/div><textarea id=\"wpforms-26436-field_9\" class=\"wpforms-field-medium\" name=\"wpforms[fields][9]\" aria-errormessage=\"wpforms-26436-field_9-error\" aria-describedby=\"wpforms-26436-field_9-description\" ><\/textarea><\/div><script>\n\t\t\t\t( function() {\n\t\t\t\t\tconst style = document.createElement( 'style' );\n\t\t\t\t\tstyle.appendChild( document.createTextNode( '#wpforms-26436-field_2-container { position: absolute !important; overflow: hidden !important; display: inline !important; height: 1px !important; width: 1px !important; z-index: -1000 !important; padding: 0 !important; } #wpforms-26436-field_2-container input { visibility: hidden; } #wpforms-conversational-form-page #wpforms-26436-field_2-container label { counter-increment: none; }' ) );\n\t\t\t\t\tdocument.head.appendChild( style );\n\t\t\t\t\tdocument.currentScript?.remove();\n\t\t\t\t} )();\n\t\t\t<\/script><\/div><!-- .wpforms-field-container --><div class=\"wpforms-submit-container\" ><input type=\"hidden\" name=\"wpforms[id]\" value=\"26436\"><input type=\"hidden\" name=\"page_title\" value=\"\"><input type=\"hidden\" name=\"page_url\" value=\"https:\/\/www.weland.com\/sv\/wp-json\/wp\/v2\/pages\/26432\"><input type=\"hidden\" name=\"url_referer\" value=\"\"><button type=\"submit\" name=\"wpforms[submit]\" id=\"wpforms-submit-26436\" class=\"wpforms-submit\" data-alt-text=\"Skickar...\" data-submit-text=\"Skicka\" aria-live=\"assertive\" value=\"wpforms-submit\">Skicka<\/button><img loading=\"lazy\" decoding=\"async\" src=\"https:\/\/www.weland.com\/wp-content\/plugins\/wpforms\/assets\/images\/submit-spin.svg\" class=\"wpforms-submit-spinner\" style=\"display: none;\" width=\"26\" height=\"26\" alt=\"Laddar\"><\/div><\/form><\/div>  <!-- .wpforms-container --><\/div>\n<\/div>\n\n\n\n<div style=\"height:50px\" aria-hidden=\"true\" class=\"wp-block-spacer\"><\/div>\n","protected":false},"excerpt":{"rendered":"<p>Arkitekt- och konstruktionsst\u00f6d Att v\u00e4lja r\u00e4tt gallerdurk, trappa, r\u00e4cken, ramper och [&hellip;]<\/p>\n","protected":false},"author":8,"featured_media":0,"parent":0,"menu_order":0,"comment_status":"closed","ping_status":"closed","template":"","meta":{"_acf_changed":false,"inline_featured_image":false,"footnotes":""},"class_list":["post-26432","page","type-page","status-publish","hentry"],"acf":[],"featured_image_src":null,"_links":{"self":[{"href":"https:\/\/www.weland.com\/sv\/wp-json\/wp\/v2\/pages\/26432","targetHints":{"allow":["GET"]}}],"collection":[{"href":"https:\/\/www.weland.com\/sv\/wp-json\/wp\/v2\/pages"}],"about":[{"href":"https:\/\/www.weland.com\/sv\/wp-json\/wp\/v2\/types\/page"}],"author":[{"embeddable":true,"href":"https:\/\/www.weland.com\/sv\/wp-json\/wp\/v2\/users\/8"}],"replies":[{"embeddable":true,"href":"https:\/\/www.weland.com\/sv\/wp-json\/wp\/v2\/comments?post=26432"}],"version-history":[{"count":6,"href":"https:\/\/www.weland.com\/sv\/wp-json\/wp\/v2\/pages\/26432\/revisions"}],"predecessor-version":[{"id":26512,"href":"https:\/\/www.weland.com\/sv\/wp-json\/wp\/v2\/pages\/26432\/revisions\/26512"}],"wp:attachment":[{"href":"https:\/\/www.weland.com\/sv\/wp-json\/wp\/v2\/media?parent=26432"}],"curies":[{"name":"wp","href":"https:\/\/api.w.org\/{rel}","templated":true}]}}