{"id":19497,"date":"2022-06-01T10:31:15","date_gmt":"2022-06-01T10:31:15","guid":{"rendered":"https:\/\/www.weland.com\/?page_id=19497"},"modified":"2025-05-28T06:04:22","modified_gmt":"2025-05-28T06:04:22","slug":"bim","status":"publish","type":"page","link":"https:\/\/www.weland.com\/sv\/bim\/","title":{"rendered":"BIM"},"content":{"rendered":"\n<div class=\"wp-block-cover alignfull is-light has-custom-content-position is-position-bottom-left\"><img loading=\"lazy\" decoding=\"async\" width=\"2000\" height=\"800\" class=\"wp-block-cover__image-background wp-image-16852\" alt=\"BIM-objekt\" src=\"https:\/\/www.weland.com\/wp-content\/uploads\/2021\/12\/aw00005677.jpg\" data-object-fit=\"cover\" srcset=\"https:\/\/www.weland.com\/wp-content\/uploads\/2021\/12\/aw00005677.jpg 2000w, https:\/\/www.weland.com\/wp-content\/uploads\/2021\/12\/aw00005677-300x120.jpg 300w, https:\/\/www.weland.com\/wp-content\/uploads\/2021\/12\/aw00005677-1024x410.jpg 1024w, https:\/\/www.weland.com\/wp-content\/uploads\/2021\/12\/aw00005677-150x60.jpg 150w, https:\/\/www.weland.com\/wp-content\/uploads\/2021\/12\/aw00005677-768x307.jpg 768w, https:\/\/www.weland.com\/wp-content\/uploads\/2021\/12\/aw00005677-1536x614.jpg 1536w, https:\/\/www.weland.com\/wp-content\/uploads\/2021\/12\/aw00005677-1568x627.jpg 1568w\" sizes=\"auto, (max-width: 2000px) 100vw, 2000px\" \/><span aria-hidden=\"true\" class=\"wp-block-cover__background has-background-dim-0 has-background-dim\"><\/span><div class=\"wp-block-cover__inner-container is-layout-flow wp-block-cover-is-layout-flow\">\n<div class=\"wp-block-group has-grev-rgba-background-color has-background\"><div class=\"wp-block-group__inner-container is-layout-flow wp-block-group-is-layout-flow\">\n<h1 class=\"wp-block-heading has-black-color has-text-color\">BIM<\/h1>\n\n\n\n<p class=\"has-black-color has-text-color\">Som leverant\u00f6r tycker vi att det \u00e4r viktigt att kunna tillfredsst\u00e4lla v\u00e5ra arkitekter och designers med moderna och enkla verktyg f\u00f6r en mer effektiv och h\u00e5llbar byggprocess. Med BIM-objekt erbjuder vi en effektiv l\u00f6sning som m\u00f6jligg\u00f6r en helt digitaliserad informationskanal. <\/p>\n<\/div><\/div>\n<\/div><\/div>\n\n\n        <div class=\"container page-breadcrumb\">\n            <div class=\"row\">\n                <div class=\"col-sm-12\" style=\"padding-left: 0\">\n                    <nav aria-label=\"breadcrumb\">\n                        <ol class=\"breadcrumb\">\n                            <li class=\"breadcrumb-item\">\n                                <a href=\"https:\/\/www.weland.com\/sv\/\">Startsida<\/a>\n                            <\/li>\n                              \n                                                            <li class=\"breadcrumb-item CC active\" aria-current=\"page\">\n                                    BIM                                <\/li>\n                                                    <\/ol>\n                    <\/nav>\n                <\/div>\n            <\/div>\n        <\/div>\n\n        \n\n\n<div class=\"wp-block-group alignwide hide-on-desktop\"><div class=\"wp-block-group__inner-container is-layout-flow wp-block-group-is-layout-flow\">\n<h2 class=\"wp-block-heading\">BIM<\/h2>\n\n\n\n<p>Som leverant\u00f6r tycker vi att det \u00e4r viktigt att kunna tillfredsst\u00e4lla v\u00e5ra arkitekter och designers med moderna och enkla verktyg f\u00f6r en mer effektiv och h\u00e5llbar byggprocess. Med BIM-objekt erbjuder vi en effektiv l\u00f6sning som m\u00f6jligg\u00f6r en helt digitaliserad informationskanal. <\/p>\n\n\n\n<hr class=\"wp-block-separator has-css-opacity is-style-wide\"\/>\n<\/div><\/div>\n\n\n\n<div class=\"wp-block-columns alignwide is-layout-flex wp-container-core-columns-is-layout-9d6595d7 wp-block-columns-is-layout-flex\">\n<div class=\"wp-block-column is-layout-flow wp-block-column-is-layout-flow\">\n<h2 class=\"wp-block-heading\">V\u00e5ra BIM-objekt<\/h2>\n\n\n\n<p>BIM-objekt skapar en direktl\u00e4nk mellan produkter och f\u00f6reskrivande led inom byggbranschen. Genom dess f\u00f6rm\u00e5ga att visualisera och dokumentera produkter m\u00f6jligg\u00f6r BIM en helhetsl\u00f6sning fr\u00e5n id\u00e9 till f\u00e4rdigt projekt. F\u00f6r mer information om v\u00e5ra BIM-objekt,\u00a0<a href=\"mailto:daniel.vagenas@weland.se\">kontakta v\u00e5r BIM Projekt\u00f6r Daniel V\u00e5gen\u00e4s<\/a>.<\/p>\n\n\n\n<iframe loading=\"lazy\" width=\"100%\" height=\"775\" frameborder=\"0\" src=\"\/\/productsite.bimobject.com\/sv\/weland\/privatecloud\/weland\" scrolling=\"auto\"><\/iframe>\n<\/div>\n<\/div>\n","protected":false},"excerpt":{"rendered":"<p>Som leverant\u00f6r tycker vi att det \u00e4r viktigt att kunna tillfredsst\u00e4lla v\u00e5ra arkitekter och designers med moderna och enkla verktyg f\u00f6r en mer effektiv och h\u00e5llbar byggprocess. Med BIM-objekt erbjuder vi en effektiv l\u00f6sning som m\u00f6jligg\u00f6r en helt digitaliserad informationskanal.<\/p>\n","protected":false},"author":8,"featured_media":0,"parent":0,"menu_order":0,"comment_status":"closed","ping_status":"closed","template":"","meta":{"_acf_changed":false,"inline_featured_image":false,"footnotes":""},"class_list":["post-19497","page","type-page","status-publish","hentry"],"acf":[],"featured_image_src":null,"_links":{"self":[{"href":"https:\/\/www.weland.com\/sv\/wp-json\/wp\/v2\/pages\/19497","targetHints":{"allow":["GET"]}}],"collection":[{"href":"https:\/\/www.weland.com\/sv\/wp-json\/wp\/v2\/pages"}],"about":[{"href":"https:\/\/www.weland.com\/sv\/wp-json\/wp\/v2\/types\/page"}],"author":[{"embeddable":true,"href":"https:\/\/www.weland.com\/sv\/wp-json\/wp\/v2\/users\/8"}],"replies":[{"embeddable":true,"href":"https:\/\/www.weland.com\/sv\/wp-json\/wp\/v2\/comments?post=19497"}],"version-history":[{"count":32,"href":"https:\/\/www.weland.com\/sv\/wp-json\/wp\/v2\/pages\/19497\/revisions"}],"predecessor-version":[{"id":27438,"href":"https:\/\/www.weland.com\/sv\/wp-json\/wp\/v2\/pages\/19497\/revisions\/27438"}],"wp:attachment":[{"href":"https:\/\/www.weland.com\/sv\/wp-json\/wp\/v2\/media?parent=19497"}],"curies":[{"name":"wp","href":"https:\/\/api.w.org\/{rel}","templated":true}]}}