{"id":11910,"date":"2021-09-10T05:36:26","date_gmt":"2021-09-10T05:36:26","guid":{"rendered":"http:\/\/weland.com\/?page_id=11910"},"modified":"2024-11-12T13:26:48","modified_gmt":"2024-11-12T13:26:48","slug":"404-2","status":"publish","type":"page","link":"https:\/\/www.weland.com\/sv\/404-2\/","title":{"rendered":"404"},"content":{"rendered":"\n<main role=\"main\">\n\t <div id=\"top-slider\">\n        <img decoding=\"async\" src=\"weland.com\/wp-content\/themes\/weland-ab\/images\/products-head.jpg\" class=\"img-fluid\">\n        <div class=\"header-title hide-on-tablet\">\n            <h1>HOPPSAN!<br>\n            SIDAN DU S\u00d6KER FINNS INTE.<\/h1>\n            <p><a href=\"https:\/\/www.weland.com\/sv\/\" title=\"Startsida\"><span class=\"btn-dark btn btn-lg\">Tillbaka till startsidan<\/span><\/a><\/p>\n\n\n        <\/div>\n    <\/div>\n    <div class=\"container sheet-metal-cont-ctrl\">\n        <div class=\"row\">\n            <div class=\"col-sm-12\">\n                <nav aria-label=\"breadcrumb sheet-metal-cont-ctrl\">\n                    <ol class=\"breadcrumb\">\n                        <li class=\"breadcrumb-item\"><a href=\"https:\/\/www.weland.com\/sv\/\">Startsida<\/a><\/li>\n                        <li class=\"breadcrumb-item active\" aria-current=\"page\">404<\/li>\n                    <\/ol>\n                <\/nav>\n            <\/div>\n        <\/div>\n    <\/div>\n    <div class=\"container\">\n        <div class=\"row\">\n\n            <div class=\"col-sm-12 mb-5 \">\n\t\t\t  <p>Tyv\u00e4rr finns inte sidan du f\u00f6rs\u00f6ker bes\u00f6ka. Titta i navigeringen eller bes\u00f6k startsidan f\u00f6r att hitta det du s\u00f6ker.<\/p>\n\t\t\t<p><a href=\"https:\/\/www.weland.com\/sv\/produkter\/\" title=\"Produkter\">Produkter<\/a><\/p>\n\t\t\t<p><a href=\"https:\/\/www.weland.com\/sv\/platbearbetning\/\" title=\"Pl\u00e5tbearbetning\">Pl\u00e5tbearbetning<\/a><\/p>\n\t\t\t<p><a href=\"https:\/\/www.weland.com\/en\/sv\/kontakt\/\" title=\"Kontakt\">Kontakt<\/a><\/p>\n                \n            <\/div>\n        <\/div>\n    <\/div>\n<\/main>\n\n\n\n<p><\/p>\n","protected":false},"excerpt":{"rendered":"<p>HOPPSAN! SIDAN DU S\u00d6KER FINNS INTE. Tillbaka till startsidan Startsida 404 [&hellip;]<\/p>\n","protected":false},"author":7,"featured_media":0,"parent":0,"menu_order":0,"comment_status":"closed","ping_status":"closed","template":"","meta":{"_acf_changed":false,"inline_featured_image":false,"footnotes":""},"class_list":["post-11910","page","type-page","status-publish","hentry"],"acf":[],"featured_image_src":null,"_links":{"self":[{"href":"https:\/\/www.weland.com\/sv\/wp-json\/wp\/v2\/pages\/11910","targetHints":{"allow":["GET"]}}],"collection":[{"href":"https:\/\/www.weland.com\/sv\/wp-json\/wp\/v2\/pages"}],"about":[{"href":"https:\/\/www.weland.com\/sv\/wp-json\/wp\/v2\/types\/page"}],"author":[{"embeddable":true,"href":"https:\/\/www.weland.com\/sv\/wp-json\/wp\/v2\/users\/7"}],"replies":[{"embeddable":true,"href":"https:\/\/www.weland.com\/sv\/wp-json\/wp\/v2\/comments?post=11910"}],"version-history":[{"count":5,"href":"https:\/\/www.weland.com\/sv\/wp-json\/wp\/v2\/pages\/11910\/revisions"}],"predecessor-version":[{"id":25792,"href":"https:\/\/www.weland.com\/sv\/wp-json\/wp\/v2\/pages\/11910\/revisions\/25792"}],"wp:attachment":[{"href":"https:\/\/www.weland.com\/sv\/wp-json\/wp\/v2\/media?parent=11910"}],"curies":[{"name":"wp","href":"https:\/\/api.w.org\/{rel}","templated":true}]}}