{"id":9241,"date":"2020-10-02T10:25:14","date_gmt":"2020-10-02T10:25:14","guid":{"rendered":"http:\/\/weland.com\/nyheter\/"},"modified":"2025-10-22T11:19:46","modified_gmt":"2025-10-22T11:19:46","slug":"news","status":"publish","type":"page","link":"https:\/\/www.weland.com\/en\/the-company\/news\/","title":{"rendered":"News &#8211; References"},"content":{"rendered":"\n<div class=\"wp-block-cover alignfull has-custom-content-position is-position-bottom-left\"><span aria-hidden=\"true\" class=\"wp-block-cover__background has-background-dim-0 has-background-dim\" style=\"background-color:#7b735f\"><\/span><img loading=\"lazy\" decoding=\"async\" width=\"1920\" height=\"800\" class=\"wp-block-cover__image-background wp-image-24328\" alt=\"\" src=\"https:\/\/www.weland.com\/wp-content\/uploads\/2024\/05\/top_image-aw00010307.jpg\" data-object-fit=\"cover\" srcset=\"https:\/\/www.weland.com\/wp-content\/uploads\/2024\/05\/top_image-aw00010307.jpg 1920w, https:\/\/www.weland.com\/wp-content\/uploads\/2024\/05\/top_image-aw00010307-300x125.jpg 300w, https:\/\/www.weland.com\/wp-content\/uploads\/2024\/05\/top_image-aw00010307-1024x427.jpg 1024w, https:\/\/www.weland.com\/wp-content\/uploads\/2024\/05\/top_image-aw00010307-150x63.jpg 150w, https:\/\/www.weland.com\/wp-content\/uploads\/2024\/05\/top_image-aw00010307-768x320.jpg 768w, https:\/\/www.weland.com\/wp-content\/uploads\/2024\/05\/top_image-aw00010307-1536x640.jpg 1536w, https:\/\/www.weland.com\/wp-content\/uploads\/2024\/05\/top_image-aw00010307-1568x653.jpg 1568w\" sizes=\"auto, (max-width: 1920px) 100vw, 1920px\" \/><div class=\"wp-block-cover__inner-container is-layout-flow wp-block-cover-is-layout-flow\">\n<div class=\"wp-block-group has-black-color has-grev-rgba-background-color has-text-color has-background\"><div class=\"wp-block-group__inner-container is-layout-flow wp-block-group-is-layout-flow\">\n<h1 class=\"wp-block-heading\">WELCOME TO OUR NEWS PAGE!<\/h1>\n\n\n\n<p>Here you will find the latest news from Weland. We\u2019ll be keeping you updated on news and events that we hope will be of interest to you and your company.<\/p>\n<\/div><\/div>\n<\/div><\/div>\n\n\n        <div class=\"container page-breadcrumb\">\n            <div class=\"row\">\n                <div class=\"col-sm-12\" style=\"padding-left: 0\">\n                    <nav aria-label=\"breadcrumb\">\n                        <ol class=\"breadcrumb\">\n                            <li class=\"breadcrumb-item\">\n                                <a href=\"https:\/\/www.weland.com\/en\/\">Start page<\/a>\n                            <\/li>\n                              \n                                                            <li class=\"breadcrumb-item AA\">\n                                    <a href=\"https:\/\/www.weland.com\/en\/the-company\/\">\n                                        The company                                    <\/a>\n                                <\/li>\n                                <li class=\"breadcrumb-item active\" aria-current=\"page\">\n                                    News &#8211; References                                <\/li>\n                                                    <\/ol>\n                    <\/nav>\n                <\/div>\n            <\/div>\n        <\/div>\n\n        \n\n\n<div class=\"wp-block-group alignwide hide-on-desktop\"><div class=\"wp-block-group__inner-container is-layout-flow wp-block-group-is-layout-flow\">\n<h2 class=\"wp-block-heading\">WELCOME TO OUR NEWS PAGE!<\/h2>\n\n\n\n<p>Here you will find the latest news from Weland. We\u2019ll be keeping you updated on news and events that we hope will be of interest to you and your company.<\/p>\n\n\n\n<hr class=\"wp-block-separator has-css-opacity is-style-wide\"\/>\n<\/div><\/div>\n\n\n\n<div class=\"wp-block-group alignwide\"><div class=\"wp-block-group__inner-container is-layout-constrained wp-block-group-is-layout-constrained\">\n<p>Our news page will give you an insight into what\u2019s going on at Weland. You\u2019ll be able to read about our new products, upcoming trade events, and what our customers think about our products and their collaboration with us. In addition, it will also be a platform for employees from various parts of our organisation to tell you about a typical working day and what it&#8217;s like to be part of Weland.<\/p>\n\n\n\n<div style=\"height:30px\" aria-hidden=\"true\" class=\"wp-block-spacer\"><\/div>\n<\/div><\/div>\n\n\n        <div class=\"row newsfeed alignwide\">\n            <div class=\"col-sm-12 mb-5\">\n                <div class=\"row\">\n                                            <div class=\"col-sm-6 news-block mb-4\">\n                            <div class=\"row no-gutters\">\n                                                                                                                                    <div class=\"col-lg-6 d-lg-none news-image\">\n\n                                                                            <img decoding=\"async\" src=\"https:\/\/www.weland.com\/wp-content\/uploads\/2026\/03\/racken-0t8a1662-300x300-1.png\" class=\"img-fluid \">\n                                    <\/div>\n                                                                \n                                <div class=\"col-lg-6 d-none d-lg-block news-image\">\n                                                                    <img decoding=\"async\" src=\"https:\/\/www.weland.com\/wp-content\/uploads\/2026\/03\/racken-0t8a1662-300x300-1.png\" class=\"img-fluid \">\n                                <\/div>\n                                <div class=\"col-lg-6 news-text bg-light d-flex\">\n                                    <div class=\"align-self-xl-center w-100\">\n                                        <p class=\"news-date\">13\/03\/2026<\/p>\n                                        <h3>Clear and safe at Trioworld<\/h3>\n                                        <p>When the decision was taken to secure a mezzanine located in the production facility, neighbouring company Weland was chosen as the preferred supplier.<\/p>\n                                        <a href=\"https:\/\/www.weland.com\/en\/tydligt-och-sakert-pa-trioworld\/\"\n                                           class=\"btn-weland-black float-right\">\n                                            Read More                                            <i class=\"fal fa-angle-right\"><\/i>\n                                        <\/a>\n                                    <\/div>\n                                <\/div>\n                            <\/div>\n                        <\/div>\n                                            <div class=\"col-sm-6 news-block mb-4\">\n                            <div class=\"row no-gutters\">\n                                                                                                                                    <div class=\"col-lg-6 d-lg-none news-image\">\n\n                                    <img decoding=\"async\" src=\"https:\/\/www.weland.com\/wp-content\/uploads\/2026\/03\/nordbygg-525x335-8752319.jpg\" class=\"featSecImgMob\">                                        <img decoding=\"async\" src=\"https:\/\/www.weland.com\/wp-content\/uploads\/2026\/03\/nordbygg-300x300-8752319.jpg\" class=\"img-fluid d-none d-lg-block\">\n                                    <\/div>\n                                                                \n                                <div class=\"col-lg-6 d-none d-lg-block news-image\">\n                                <img decoding=\"async\" src=\"https:\/\/www.weland.com\/wp-content\/uploads\/2026\/03\/nordbygg-525x335-8752319.jpg\" class=\"featSecImgMob\">                                    <img decoding=\"async\" src=\"https:\/\/www.weland.com\/wp-content\/uploads\/2026\/03\/nordbygg-300x300-8752319.jpg\" class=\"img-fluid d-none d-lg-block\">\n                                <\/div>\n                                <div class=\"col-lg-6 news-text bg-light d-flex\">\n                                    <div class=\"align-self-xl-center w-100\">\n                                        <p class=\"news-date\">05\/03\/2026<\/p>\n                                        <h3>See you at Nordbygg 2026!<\/h3>\n                                        <p>Nordbygg is almost upon us and of course we\u2019ll be there along with representatives from several of our subsidiaries.<\/p>\n                                        <a href=\"https:\/\/www.weland.com\/en\/see-you-at-nordbygg-2026\/\"\n                                           class=\"btn-weland-black float-right\">\n                                            Read More                                            <i class=\"fal fa-angle-right\"><\/i>\n                                        <\/a>\n                                    <\/div>\n                                <\/div>\n                            <\/div>\n                        <\/div>\n                                            <div class=\"col-sm-6 news-block mb-4\">\n                            <div class=\"row no-gutters\">\n                                                                                                                                    <div class=\"col-lg-6 d-lg-none news-image\">\n\n                                    <img decoding=\"async\" src=\"https:\/\/www.weland.com\/wp-content\/uploads\/2026\/02\/vendela_01-525x335-1.jpg\" class=\"featSecImgMob\">                                        <img decoding=\"async\" src=\"https:\/\/www.weland.com\/wp-content\/uploads\/2026\/02\/vendela_01-600x600-1-300x300.jpg\" class=\"img-fluid d-none d-lg-block\">\n                                    <\/div>\n                                                                \n                                <div class=\"col-lg-6 d-none d-lg-block news-image\">\n                                <img decoding=\"async\" src=\"https:\/\/www.weland.com\/wp-content\/uploads\/2026\/02\/vendela_01-525x335-1.jpg\" class=\"featSecImgMob\">                                    <img decoding=\"async\" src=\"https:\/\/www.weland.com\/wp-content\/uploads\/2026\/02\/vendela_01-600x600-1-300x300.jpg\" class=\"img-fluid d-none d-lg-block\">\n                                <\/div>\n                                <div class=\"col-lg-6 news-text bg-light d-flex\">\n                                    <div class=\"align-self-xl-center w-100\">\n                                        <p class=\"news-date\">04\/02\/2026<\/p>\n                                        <h3>The Designer &#8211; Beating Heart of the Buildings of the Future<\/h3>\n                                        <p>Making conscious choices when picking materials for use in our building projects gives us enormous scope to reduce our climate impact. Vendela L\u00f6nkvist is one of a group of young designers at Weland who have been trained to see the entire chain of a building&#8217;s life cycle. <\/p>\n                                        <a href=\"https:\/\/www.weland.com\/en\/konstruktoren-i-centrum-for-framtidens-byggande\/\"\n                                           class=\"btn-weland-black float-right\">\n                                            Read More                                            <i class=\"fal fa-angle-right\"><\/i>\n                                        <\/a>\n                                    <\/div>\n                                <\/div>\n                            <\/div>\n                        <\/div>\n                                            <div class=\"col-sm-6 news-block mb-4\">\n                            <div class=\"row no-gutters\">\n                                                                                                                                    <div class=\"col-lg-6 d-lg-none news-image\">\n\n                                                                            <img decoding=\"async\" src=\"https:\/\/www.weland.com\/wp-content\/uploads\/2026\/01\/minna-600x600.jpeg-300x300.jpg\" class=\"img-fluid \">\n                                    <\/div>\n                                                                \n                                <div class=\"col-lg-6 d-none d-lg-block news-image\">\n                                                                    <img decoding=\"async\" src=\"https:\/\/www.weland.com\/wp-content\/uploads\/2026\/01\/minna-600x600.jpeg-300x300.jpg\" class=\"img-fluid \">\n                                <\/div>\n                                <div class=\"col-lg-6 news-text bg-light d-flex\">\n                                    <div class=\"align-self-xl-center w-100\">\n                                        <p class=\"news-date\">19\/01\/2026<\/p>\n                                        <h3>Better ergonomics by degree<\/h3>\n                                        <p>Minna Granstr\u00f6m has been studying production development at the vocational university in V\u00e4rnamo for the past 18 months. The course combined classroom studies with practical work experience. Granstr\u00f6m decided to do her placement at Weland<\/p>\n                                        <a href=\"https:\/\/www.weland.com\/en\/examensarbete-for-battre-ergonomi\/\"\n                                           class=\"btn-weland-black float-right\">\n                                            Read More                                            <i class=\"fal fa-angle-right\"><\/i>\n                                        <\/a>\n                                    <\/div>\n                                <\/div>\n                            <\/div>\n                        <\/div>\n                                            <div class=\"col-sm-6 news-block mb-4\">\n                            <div class=\"row no-gutters\">\n                                                                                                                                    <div class=\"col-lg-6 d-lg-none news-image\">\n\n                                                                            <img decoding=\"async\" src=\"https:\/\/www.weland.com\/wp-content\/uploads\/2026\/01\/bf00001069-600x600jpg-300x300.jpg\" class=\"img-fluid \">\n                                    <\/div>\n                                                                \n                                <div class=\"col-lg-6 d-none d-lg-block news-image\">\n                                                                    <img decoding=\"async\" src=\"https:\/\/www.weland.com\/wp-content\/uploads\/2026\/01\/bf00001069-600x600jpg-300x300.jpg\" class=\"img-fluid \">\n                                <\/div>\n                                <div class=\"col-lg-6 news-text bg-light d-flex\">\n                                    <div class=\"align-self-xl-center w-100\">\n                                        <p class=\"news-date\">13\/01\/2026<\/p>\n                                        <h3>Hot dip galvanized steel &#8211; a key component in circular construction<\/h3>\n                                        <p>As the construction sector stands on the threshold of its biggest climate realignment ever, choosing the right materials for your project is a critical consideration. One of the most interesting materials in circular construction is hot dip galvanized steel. <\/p>\n                                        <a href=\"https:\/\/www.weland.com\/en\/varmforzinkat-stal-en-nyckelkomponent-i-cirkulart-byggande\/\"\n                                           class=\"btn-weland-black float-right\">\n                                            Read More                                            <i class=\"fal fa-angle-right\"><\/i>\n                                        <\/a>\n                                    <\/div>\n                                <\/div>\n                            <\/div>\n                        <\/div>\n                                            <div class=\"col-sm-6 news-block mb-4\">\n                            <div class=\"row no-gutters\">\n                                                                                                                                    <div class=\"col-lg-6 d-lg-none news-image\">\n\n                                    <img decoding=\"async\" src=\"https:\/\/www.weland.com\/wp-content\/uploads\/2025\/11\/kronprinsen-525x335-0T8a8311.jpg\" class=\"featSecImgMob\">                                        <img decoding=\"async\" src=\"https:\/\/www.weland.com\/wp-content\/uploads\/2025\/11\/kronprinsen-2000x800-0T8a8311-300x300.jpg\" class=\"img-fluid d-none d-lg-block\">\n                                    <\/div>\n                                                                \n                                <div class=\"col-lg-6 d-none d-lg-block news-image\">\n                                <img decoding=\"async\" src=\"https:\/\/www.weland.com\/wp-content\/uploads\/2025\/11\/kronprinsen-525x335-0T8a8311.jpg\" class=\"featSecImgMob\">                                    <img decoding=\"async\" src=\"https:\/\/www.weland.com\/wp-content\/uploads\/2025\/11\/kronprinsen-2000x800-0T8a8311-300x300.jpg\" class=\"img-fluid d-none d-lg-block\">\n                                <\/div>\n                                <div class=\"col-lg-6 news-text bg-light d-flex\">\n                                    <div class=\"align-self-xl-center w-100\">\n                                        <p class=\"news-date\">11\/11\/2025<\/p>\n                                        <h3>90-metre long accessibility ramp installed in Kronprinsen courtyard<\/h3>\n                                        <p>A raised courtyard runs through parts of the neighbourhood for Kronprinsen that now, thanks to a 90-metre long wheelchair ramp supplied by Weland, can be enjoyed by everyone.<\/p>\n                                        <a href=\"https:\/\/www.weland.com\/en\/90-metre-long-accessibility-ramp-installed-in-kronprinsen-courtyard\/\"\n                                           class=\"btn-weland-black float-right\">\n                                            Read More                                            <i class=\"fal fa-angle-right\"><\/i>\n                                        <\/a>\n                                    <\/div>\n                                <\/div>\n                            <\/div>\n                        <\/div>\n                                    <\/div>\n            <\/div>\n                                                                <ul class='page-numbers'>\n\t<li><span aria-current=\"page\" class=\"page-numbers current\">1<\/span><\/li>\n\t<li><a class=\"page-numbers\" href=\"https:\/\/www.weland.com\/en\/wp-json\/wp\/v2\/pages\/9241\/page\/2\/\">2<\/a><\/li>\n\t<li><a class=\"page-numbers\" href=\"https:\/\/www.weland.com\/en\/wp-json\/wp\/v2\/pages\/9241\/page\/3\/\">3<\/a><\/li>\n\t<li><a class=\"page-numbers\" href=\"https:\/\/www.weland.com\/en\/wp-json\/wp\/v2\/pages\/9241\/page\/4\/\">4<\/a><\/li>\n\t<li><a class=\"page-numbers\" href=\"https:\/\/www.weland.com\/en\/wp-json\/wp\/v2\/pages\/9241\/page\/5\/\">5<\/a><\/li>\n\t<li><a class=\"next page-numbers\" href=\"https:\/\/www.weland.com\/en\/wp-json\/wp\/v2\/pages\/9241\/page\/2\/\">Next<\/a><\/li>\n<\/ul>\n        \n        <\/div>\n        ","protected":false},"excerpt":{"rendered":"<p>WELCOME TO OUR NEWS PAGE! Here you will find the latest [&hellip;]<\/p>\n","protected":false},"author":1,"featured_media":0,"parent":9258,"menu_order":4,"comment_status":"closed","ping_status":"closed","template":"","meta":{"_acf_changed":false,"inline_featured_image":false,"footnotes":""},"class_list":["post-9241","page","type-page","status-publish","hentry"],"acf":[],"featured_image_src":null,"_links":{"self":[{"href":"https:\/\/www.weland.com\/en\/wp-json\/wp\/v2\/pages\/9241","targetHints":{"allow":["GET"]}}],"collection":[{"href":"https:\/\/www.weland.com\/en\/wp-json\/wp\/v2\/pages"}],"about":[{"href":"https:\/\/www.weland.com\/en\/wp-json\/wp\/v2\/types\/page"}],"author":[{"embeddable":true,"href":"https:\/\/www.weland.com\/en\/wp-json\/wp\/v2\/users\/1"}],"replies":[{"embeddable":true,"href":"https:\/\/www.weland.com\/en\/wp-json\/wp\/v2\/comments?post=9241"}],"version-history":[{"count":23,"href":"https:\/\/www.weland.com\/en\/wp-json\/wp\/v2\/pages\/9241\/revisions"}],"predecessor-version":[{"id":28232,"href":"https:\/\/www.weland.com\/en\/wp-json\/wp\/v2\/pages\/9241\/revisions\/28232"}],"up":[{"embeddable":true,"href":"https:\/\/www.weland.com\/en\/wp-json\/wp\/v2\/pages\/9258"}],"wp:attachment":[{"href":"https:\/\/www.weland.com\/en\/wp-json\/wp\/v2\/media?parent=9241"}],"curies":[{"name":"wp","href":"https:\/\/api.w.org\/{rel}","templated":true}]}}